{"id":7340,"date":"2026-04-20T16:07:16","date_gmt":"2026-04-20T16:07:16","guid":{"rendered":"https:\/\/digitalfriendly.agency\/?page_id=7340"},"modified":"2026-04-21T09:32:29","modified_gmt":"2026-04-21T09:32:29","slug":"test-chatbot-bkfood","status":"publish","type":"page","link":"https:\/\/digitalfriendly.agency\/en\/test-chatbot-bkfood\/","title":{"rendered":"Test Chatbot bkfood"},"content":{"rendered":"<div data-elementor-type=\"wp-page\" data-elementor-id=\"7340\" class=\"elementor elementor-7340\">\n\t\t\t\t\t\t<section class=\"elementor-section elementor-top-section elementor-element elementor-element-6add423 elementor-section-full_width elementor-section-height-default elementor-section-height-default\" data-id=\"6add423\" data-element_type=\"section\">\n\t\t\t\t\t\t<div class=\"elementor-container elementor-column-gap-default\">\n\t\t\t\t\t<div class=\"elementor-column elementor-col-100 elementor-top-column elementor-element elementor-element-141f35e\" data-id=\"141f35e\" data-element_type=\"column\">\n\t\t\t<div class=\"elementor-widget-wrap\">\n\t\t\t\t\t\t\t<\/div>\n\t\t<\/div>\n\t\t\t\t\t<\/div>\n\t\t<\/section>\n\t\t<div class=\"elementor-element elementor-element-534c2fe e-flex e-con-boxed e-con e-parent\" data-id=\"534c2fe\" data-element_type=\"container\">\n\t\t\t\t\t<div class=\"e-con-inner\">\n\t\t\t\t<div class=\"elementor-element elementor-element-b920ee5 elementor-widget elementor-widget-html\" data-id=\"b920ee5\" data-element_type=\"widget\" data-widget_type=\"html.default\">\n\t\t\t\t<div class=\"elementor-widget-container\">\n\t\t\t<iframe\r\n    src=\"https:\/\/digitalfriendly.convocore.ai\/app\/eu\/render\/ZcmtZjKepLMwumkdSAbS\/iframe\"\r\n    style=\"width: 100%; height: 100vh;\"\r\n    frameborder=\"0\">\r\n<\/iframe>\t\t<\/div>\n\t\t\t\t<\/div>\n\t\t\t\t\t<\/div>\n\t\t\t\t<\/div>\n\t\t\t\t<\/div>","protected":false},"excerpt":{"rendered":"","protected":false},"author":2,"featured_media":0,"parent":0,"menu_order":0,"comment_status":"closed","ping_status":"closed","template":"elementor_header_footer","meta":{"inline_featured_image":false,"footnotes":""},"class_list":["post-7340","page","type-page","status-publish","hentry"],"yoast_head":"<!-- This site is optimized with the Yoast SEO plugin v25.4 - https:\/\/yoast.com\/wordpress\/plugins\/seo\/ -->\n<title>Agence de communication webmarketing ax\u00e9e IA | Digital Friendly<\/title>\n<meta name=\"description\" content=\"D\u00e9couvrez notre agence de communication et webmarketing, bas\u00e9e sur des outils d&#039;IA en offrant des solutions sur mesure\" \/>\n<meta name=\"robots\" content=\"index, follow, max-snippet:-1, max-image-preview:large, max-video-preview:-1\" \/>\n<link rel=\"canonical\" href=\"https:\/\/digitalfriendly.agency\/en\/test-chatbot-bkfood\/\" \/>\n<meta property=\"og:locale\" content=\"en_US\" \/>\n<meta property=\"og:type\" content=\"article\" \/>\n<meta property=\"og:title\" content=\"Agence de communication webmarketing ax\u00e9e IA | Digital Friendly\" \/>\n<meta property=\"og:description\" content=\"D\u00e9couvrez notre agence de communication et webmarketing, bas\u00e9e sur des outils d&#039;IA en offrant des solutions sur mesure\" \/>\n<meta property=\"og:url\" content=\"https:\/\/digitalfriendly.agency\/en\/test-chatbot-bkfood\/\" \/>\n<meta property=\"og:site_name\" content=\"https:\/\/digitalfriendly.agency\" \/>\n<meta property=\"article:publisher\" content=\"https:\/\/www.facebook.com\/DigitalFriendlyTN\" \/>\n<meta property=\"article:modified_time\" content=\"2026-04-21T09:32:29+00:00\" \/>\n<meta name=\"twitter:card\" content=\"summary_large_image\" \/>\n<script type=\"application\/ld+json\" class=\"yoast-schema-graph\">{\"@context\":\"https:\/\/schema.org\",\"@graph\":[{\"@type\":\"WebPage\",\"@id\":\"https:\/\/digitalfriendly.agency\/test-chatbot-bkfood\/\",\"url\":\"https:\/\/digitalfriendly.agency\/test-chatbot-bkfood\/\",\"name\":\"Agence de communication webmarketing ax\u00e9e IA | Digital Friendly\",\"isPartOf\":{\"@id\":\"https:\/\/digitalfriendly.agency\/#website\"},\"datePublished\":\"2026-04-20T16:07:16+00:00\",\"dateModified\":\"2026-04-21T09:32:29+00:00\",\"description\":\"D\u00e9couvrez notre agence de communication et webmarketing, bas\u00e9e sur des outils d'IA en offrant des solutions sur mesure\",\"breadcrumb\":{\"@id\":\"https:\/\/digitalfriendly.agency\/test-chatbot-bkfood\/#breadcrumb\"},\"inLanguage\":\"en-US\",\"potentialAction\":[{\"@type\":\"ReadAction\",\"target\":[\"https:\/\/digitalfriendly.agency\/test-chatbot-bkfood\/\"]}]},{\"@type\":\"BreadcrumbList\",\"@id\":\"https:\/\/digitalfriendly.agency\/test-chatbot-bkfood\/#breadcrumb\",\"itemListElement\":[{\"@type\":\"ListItem\",\"position\":1,\"name\":\"Home\",\"item\":\"https:\/\/digitalfriendly.agency\/\"},{\"@type\":\"ListItem\",\"position\":2,\"name\":\"Test Chatbot bkfood\"}]},{\"@type\":\"WebSite\",\"@id\":\"https:\/\/digitalfriendly.agency\/#website\",\"url\":\"https:\/\/digitalfriendly.agency\/\",\"name\":\"https:\/\/digitalfriendly.agency\",\"description\":\"\",\"publisher\":{\"@id\":\"https:\/\/digitalfriendly.agency\/#organization\"},\"potentialAction\":[{\"@type\":\"SearchAction\",\"target\":{\"@type\":\"EntryPoint\",\"urlTemplate\":\"https:\/\/digitalfriendly.agency\/?s={search_term_string}\"},\"query-input\":{\"@type\":\"PropertyValueSpecification\",\"valueRequired\":true,\"valueName\":\"search_term_string\"}}],\"inLanguage\":\"en-US\"},{\"@type\":\"Organization\",\"@id\":\"https:\/\/digitalfriendly.agency\/#organization\",\"name\":\"Digital Friendly Agency\",\"url\":\"https:\/\/digitalfriendly.agency\/\",\"logo\":{\"@type\":\"ImageObject\",\"inLanguage\":\"en-US\",\"@id\":\"https:\/\/digitalfriendly.agency\/#\/schema\/logo\/image\/\",\"url\":\"https:\/\/digitalfriendly.agency\/wp-content\/uploads\/2024\/03\/Logo-DF-PNG.webp\",\"contentUrl\":\"https:\/\/digitalfriendly.agency\/wp-content\/uploads\/2024\/03\/Logo-DF-PNG.webp\",\"width\":1219,\"height\":1219,\"caption\":\"Digital Friendly Agency\"},\"image\":{\"@id\":\"https:\/\/digitalfriendly.agency\/#\/schema\/logo\/image\/\"},\"sameAs\":[\"https:\/\/www.facebook.com\/DigitalFriendlyTN\",\"https:\/\/www.instagram.com\/digitalfriendlytn\/\",\"https:\/\/www.linkedin.com\/company\/digitalfriendly\/\"]}]}<\/script>\n<!-- \/ Yoast SEO plugin. -->","yoast_head_json":{"title":"Agence de communication webmarketing ax\u00e9e IA | Digital Friendly","description":"D\u00e9couvrez notre agence de communication et webmarketing, bas\u00e9e sur des outils d'IA en offrant des solutions sur mesure","robots":{"index":"index","follow":"follow","max-snippet":"max-snippet:-1","max-image-preview":"max-image-preview:large","max-video-preview":"max-video-preview:-1"},"canonical":"https:\/\/digitalfriendly.agency\/en\/test-chatbot-bkfood\/","og_locale":"en_US","og_type":"article","og_title":"Agence de communication webmarketing ax\u00e9e IA | Digital Friendly","og_description":"D\u00e9couvrez notre agence de communication et webmarketing, bas\u00e9e sur des outils d'IA en offrant des solutions sur mesure","og_url":"https:\/\/digitalfriendly.agency\/en\/test-chatbot-bkfood\/","og_site_name":"https:\/\/digitalfriendly.agency","article_publisher":"https:\/\/www.facebook.com\/DigitalFriendlyTN","article_modified_time":"2026-04-21T09:32:29+00:00","twitter_card":"summary_large_image","schema":{"@context":"https:\/\/schema.org","@graph":[{"@type":"WebPage","@id":"https:\/\/digitalfriendly.agency\/test-chatbot-bkfood\/","url":"https:\/\/digitalfriendly.agency\/test-chatbot-bkfood\/","name":"Agence de communication webmarketing ax\u00e9e IA | Digital Friendly","isPartOf":{"@id":"https:\/\/digitalfriendly.agency\/#website"},"datePublished":"2026-04-20T16:07:16+00:00","dateModified":"2026-04-21T09:32:29+00:00","description":"D\u00e9couvrez notre agence de communication et webmarketing, bas\u00e9e sur des outils d'IA en offrant des solutions sur mesure","breadcrumb":{"@id":"https:\/\/digitalfriendly.agency\/test-chatbot-bkfood\/#breadcrumb"},"inLanguage":"en-US","potentialAction":[{"@type":"ReadAction","target":["https:\/\/digitalfriendly.agency\/test-chatbot-bkfood\/"]}]},{"@type":"BreadcrumbList","@id":"https:\/\/digitalfriendly.agency\/test-chatbot-bkfood\/#breadcrumb","itemListElement":[{"@type":"ListItem","position":1,"name":"Home","item":"https:\/\/digitalfriendly.agency\/"},{"@type":"ListItem","position":2,"name":"Test Chatbot bkfood"}]},{"@type":"WebSite","@id":"https:\/\/digitalfriendly.agency\/#website","url":"https:\/\/digitalfriendly.agency\/","name":"https:\/\/digitalfriendly.agency","description":"","publisher":{"@id":"https:\/\/digitalfriendly.agency\/#organization"},"potentialAction":[{"@type":"SearchAction","target":{"@type":"EntryPoint","urlTemplate":"https:\/\/digitalfriendly.agency\/?s={search_term_string}"},"query-input":{"@type":"PropertyValueSpecification","valueRequired":true,"valueName":"search_term_string"}}],"inLanguage":"en-US"},{"@type":"Organization","@id":"https:\/\/digitalfriendly.agency\/#organization","name":"Digital Friendly Agency","url":"https:\/\/digitalfriendly.agency\/","logo":{"@type":"ImageObject","inLanguage":"en-US","@id":"https:\/\/digitalfriendly.agency\/#\/schema\/logo\/image\/","url":"https:\/\/digitalfriendly.agency\/wp-content\/uploads\/2024\/03\/Logo-DF-PNG.webp","contentUrl":"https:\/\/digitalfriendly.agency\/wp-content\/uploads\/2024\/03\/Logo-DF-PNG.webp","width":1219,"height":1219,"caption":"Digital Friendly Agency"},"image":{"@id":"https:\/\/digitalfriendly.agency\/#\/schema\/logo\/image\/"},"sameAs":["https:\/\/www.facebook.com\/DigitalFriendlyTN","https:\/\/www.instagram.com\/digitalfriendlytn\/","https:\/\/www.linkedin.com\/company\/digitalfriendly\/"]}]}},"_links":{"self":[{"href":"https:\/\/digitalfriendly.agency\/en\/wp-json\/wp\/v2\/pages\/7340","targetHints":{"allow":["GET"]}}],"collection":[{"href":"https:\/\/digitalfriendly.agency\/en\/wp-json\/wp\/v2\/pages"}],"about":[{"href":"https:\/\/digitalfriendly.agency\/en\/wp-json\/wp\/v2\/types\/page"}],"author":[{"embeddable":true,"href":"https:\/\/digitalfriendly.agency\/en\/wp-json\/wp\/v2\/users\/2"}],"replies":[{"embeddable":true,"href":"https:\/\/digitalfriendly.agency\/en\/wp-json\/wp\/v2\/comments?post=7340"}],"version-history":[{"count":19,"href":"https:\/\/digitalfriendly.agency\/en\/wp-json\/wp\/v2\/pages\/7340\/revisions"}],"predecessor-version":[{"id":7362,"href":"https:\/\/digitalfriendly.agency\/en\/wp-json\/wp\/v2\/pages\/7340\/revisions\/7362"}],"wp:attachment":[{"href":"https:\/\/digitalfriendly.agency\/en\/wp-json\/wp\/v2\/media?parent=7340"}],"curies":[{"name":"wp","href":"https:\/\/api.w.org\/{rel}","templated":true}]}}