{"id":5678,"date":"2024-09-19T17:35:20","date_gmt":"2024-09-19T17:35:20","guid":{"rendered":"https:\/\/websites-digitalfriendly.dnmqex.easypanel.host\/?page_id=5678"},"modified":"2025-01-08T09:56:21","modified_gmt":"2025-01-08T09:56:21","slug":"candidature-spontanee","status":"publish","type":"page","link":"https:\/\/digitalfriendly.agency\/en\/candidature-spontanee\/","title":{"rendered":"Unsolicited application"},"content":{"rendered":"<div data-elementor-type=\"wp-page\" data-elementor-id=\"5678\" class=\"elementor elementor-5678\">\n\t\t\t\t<div class=\"elementor-element elementor-element-459d869 e-con-full e-flex e-con e-parent\" data-id=\"459d869\" data-element_type=\"container\">\n\t\t\t\t<div class=\"elementor-element elementor-element-b4d9244 elementor-widget elementor-widget-tx_heading elh-el tx_heading\" data-id=\"b4d9244\" data-element_type=\"widget\" data-settings=\"{&quot;design_style&quot;:&quot;style_2&quot;}\" data-widget_type=\"tx_heading.default\">\n\t\t\t\t<div class=\"elementor-widget-container\">\n\t\t\t<div class=\"gly-portfolio-2-section-title text-center\">\r\n        <h5 class=\"gly-subtitle-2 tx-subTitle\">\r\n        <i aria-hidden=\"true\" class=\"fas fa-certificate\"><\/i>        Rejoindre notre c\u00f4t\u00e9 de la force    <\/h5>\r\n    \r\n    <h2 class=\"tx-title gly-section-title-2 gly-split-text gly-split-in-clr\">Unsolicited application<\/h2>\r\n        <p class=\"gly-para-1 tx-description\">\r\n            <\/p>\r\n    <\/div>\t\t<\/div>\n\t\t\t\t<\/div>\n\t\t\t\t<\/div>\n\t\t<div class=\"elementor-element elementor-element-7a06022 e-con-full e-flex e-con e-parent\" data-id=\"7a06022\" data-element_type=\"container\" data-settings=\"{&quot;background_background&quot;:&quot;classic&quot;}\">\n\t\t\t\t<div class=\"elementor-element elementor-element-11c0479 elementor-widget elementor-widget-shortcode\" data-id=\"11c0479\" data-element_type=\"widget\" data-widget_type=\"shortcode.default\">\n\t\t\t\t<div class=\"elementor-widget-container\">\n\t\t\t\t\t<div class=\"elementor-shortcode\">\n<div class=\"wpcf7 no-js\" id=\"wpcf7-f1967-o1\" lang=\"en-US\" dir=\"ltr\">\n<div class=\"screen-reader-response\"><p role=\"status\" aria-live=\"polite\" aria-atomic=\"true\"><\/p> <ul><\/ul><\/div>\n<form action=\"\/en\/wp-json\/wp\/v2\/pages\/5678#wpcf7-f1967-o1\" method=\"post\" class=\"wpcf7-form init\" aria-label=\"Contact form\" enctype=\"multipart\/form-data\" novalidate=\"novalidate\" data-status=\"init\" data-trp-original-action=\"\/en\/wp-json\/wp\/v2\/pages\/5678#wpcf7-f1967-o1\">\n<div style=\"display: none;\">\n<input type=\"hidden\" name=\"_wpcf7\" value=\"1967\" \/>\n<input type=\"hidden\" name=\"_wpcf7_version\" value=\"5.9.6\" \/>\n<input type=\"hidden\" name=\"_wpcf7_locale\" value=\"en_US\" \/>\n<input type=\"hidden\" name=\"_wpcf7_unit_tag\" value=\"wpcf7-f1967-o1\" \/>\n<input type=\"hidden\" name=\"_wpcf7_container_post\" value=\"0\" \/>\n<input type=\"hidden\" name=\"_wpcf7_posted_data_hash\" value=\"\" \/>\n<\/div>\n<div class=\"job-apply-page-form contact-form-wrap\">\n<div class=\"contact-form\">\n\n    <div class=\"contact-form-input\">\n        <span class=\"wpcf7-form-control-wrap\" data-name=\"text-440\"><input size=\"40\" maxlength=\"80\" class=\"wpcf7-form-control wpcf7-text wpcf7-validates-as-required input-box\" aria-required=\"true\" aria-invalid=\"false\" placeholder=\"First name\" value=\"\" type=\"text\" name=\"text-440\" \/><\/span>\n    <\/div>\n    <div class=\"contact-form-input\">\n        <span class=\"wpcf7-form-control-wrap\" data-name=\"tel-440\"><input size=\"40\" maxlength=\"80\" class=\"wpcf7-form-control wpcf7-tel wpcf7-validates-as-required wpcf7-text wpcf7-validates-as-tel input-box\" aria-required=\"true\" aria-invalid=\"false\" placeholder=\"Num\u00e9ro de T\u00e9l\u00e9phone\" value=\"\" type=\"tel\" name=\"tel-440\" \/><\/span>\n    <\/div>\n    <div class=\"contact-form-input\">\n        <span class=\"wpcf7-form-control-wrap\" data-name=\"text-441\"><input size=\"40\" maxlength=\"80\" class=\"wpcf7-form-control wpcf7-text wpcf7-validates-as-required input-box\" aria-required=\"true\" aria-invalid=\"false\" placeholder=\"Name\" value=\"\" type=\"text\" name=\"text-441\" \/><\/span>\n    <\/div>\n    <div class=\"contact-form-input\">\n        <span class=\"wpcf7-form-control-wrap\" data-name=\"text-442\"><input size=\"40\" maxlength=\"80\" class=\"wpcf7-form-control wpcf7-text wpcf7-validates-as-required input-box\" aria-required=\"true\" aria-invalid=\"false\" placeholder=\"Gouvernorat \/ Ville\" value=\"\" type=\"text\" name=\"text-442\" \/><\/span>\n    <\/div>\n    <div class=\"contact-form-input\">\n        <span class=\"wpcf7-form-control-wrap\" data-name=\"email-441\"><input size=\"40\" maxlength=\"80\" class=\"wpcf7-form-control wpcf7-email wpcf7-validates-as-required wpcf7-text wpcf7-validates-as-email input-box\" id=\"mail\" aria-required=\"true\" aria-invalid=\"false\" placeholder=\"Email\" value=\"\" type=\"email\" name=\"email-441\" \/><\/span>\n    <\/div>\n    <div class=\"contact-form-input\">\n        <span class=\"wpcf7-form-control-wrap\" data-name=\"text-443\"><input size=\"40\" maxlength=\"80\" class=\"wpcf7-form-control wpcf7-text wpcf7-validates-as-required input-box\" aria-required=\"true\" aria-invalid=\"false\" placeholder=\"Poste Souhait\u00e9\" value=\"\" type=\"text\" name=\"text-443\" \/><\/span>\n    <\/div>\n    <div class=\"contact-form-input\">\n        <span class=\"wpcf7-form-control-wrap\" data-name=\"text-444\"><input size=\"40\" maxlength=\"80\" class=\"wpcf7-form-control wpcf7-text wpcf7-validates-as-required input-box\" aria-required=\"true\" aria-invalid=\"false\" placeholder=\"Portfolio \/ URL Site..\" value=\"\" type=\"text\" name=\"text-444\" \/><\/span>\n    <\/div>\n    <div class=\"contact-form-input\">\n        <span class=\"wpcf7-form-control-wrap\" data-name=\"text-445\"><input size=\"40\" maxlength=\"80\" class=\"wpcf7-form-control wpcf7-text wpcf7-validates-as-required input-box\" aria-required=\"true\" aria-invalid=\"false\" placeholder=\"Salaire Attendu\" value=\"\" type=\"text\" name=\"text-445\" \/><\/span>\n    <\/div>\n\n    <div class=\"contact-form-input has-full-width\">\n        <div class=\"upload-file-btn\" >\n            <h4 class=\"title gly-heading-1 gly-font-700\">Votre CV<\/h4>\n            <span class=\"wpcf7-form-control-wrap\" data-name=\"file-150\"><input size=\"40\" class=\"wpcf7-form-control wpcf7-file wpcf7-validates-as-required\" accept=\".pdf\" aria-required=\"true\" aria-invalid=\"false\" type=\"file\" name=\"file-150\" \/><\/span>\n        <\/div>\n    <\/div>\n\n    <div class=\"contact-form-input has-full-width\">\n        <span class=\"wpcf7-form-control-wrap\" data-name=\"textarea-150\"><textarea cols=\"40\" rows=\"10\" maxlength=\"400\" class=\"wpcf7-form-control wpcf7-textarea wpcf7-validates-as-required input-box\" aria-required=\"true\" aria-invalid=\"false\" placeholder=\"Lettre de Motivation\" name=\"textarea-150\"><\/textarea><\/span>\n    <\/div>\n\n    <div class=\"contact-form-input has-full-width text-center\">\n        <button class=\"apply-now-btn gly-heading-1\" type=\"submit\" aria-label=\"name\">\n            <span class=\"text\">\n                Postuler Maintenant\n            <\/span>\n            <span class=\"icon\">\n                <i class=\"fa-solid fa-right-long\"><\/i>\n            <\/span>\n        <\/button>\n    <\/div>\n<\/div>\n<\/div><p style=\"display: none !important;\" class=\"akismet-fields-container\" data-prefix=\"_wpcf7_ak_\"><label>&#916;<textarea name=\"_wpcf7_ak_hp_textarea\" cols=\"45\" rows=\"8\" maxlength=\"100\"><\/textarea><\/label><input type=\"hidden\" id=\"ak_js_1\" name=\"_wpcf7_ak_js\" value=\"122\"\/><script>document.getElementById( \"ak_js_1\" ).setAttribute( \"value\", ( new Date() ).getTime() );<\/script><\/p><input type='hidden' class='wpcf7-pum' value='{\"closepopup\":false,\"closedelay\":0,\"openpopup\":false,\"openpopup_id\":0}' \/><div class=\"wpcf7-response-output\" aria-hidden=\"true\"><\/div>\n<input type=\"hidden\" name=\"trp-form-language\" value=\"en\"\/><\/form>\n<\/div>\n<\/div>\n\t\t\t\t<\/div>\n\t\t\t\t<\/div>\n\t\t\t\t<\/div>\n\t\t\t\t<\/div>","protected":false},"excerpt":{"rendered":"<p>Rejoindre notre c\u00f4t\u00e9 de la force Candidature spontan\u00e9e<\/p>","protected":false},"author":2,"featured_media":5857,"parent":0,"menu_order":0,"comment_status":"closed","ping_status":"closed","template":"","meta":{"inline_featured_image":false,"footnotes":""},"class_list":["post-5678","page","type-page","status-publish","has-post-thumbnail","hentry"],"yoast_head":"<!-- This site is optimized with the Yoast SEO plugin v25.4 - https:\/\/yoast.com\/wordpress\/plugins\/seo\/ -->\n<title>Candidature spontan\u00e9e | Agence de communication digitale<\/title>\n<meta name=\"description\" content=\"Rejoignez Digital Friendly, agence de communication digitale et relevez des d\u00e9fis passionnants dans l\u2019univers du digital.\" \/>\n<meta name=\"robots\" content=\"index, follow, max-snippet:-1, max-image-preview:large, max-video-preview:-1\" \/>\n<link rel=\"canonical\" href=\"https:\/\/digitalfriendly.agency\/en\/candidature-spontanee\/\" \/>\n<meta property=\"og:locale\" content=\"en_US\" \/>\n<meta property=\"og:type\" content=\"article\" \/>\n<meta property=\"og:title\" content=\"Candidature spontan\u00e9e | Agence de communication digitale\" \/>\n<meta property=\"og:description\" content=\"Rejoignez Digital Friendly, agence de communication digitale et relevez des d\u00e9fis passionnants dans l\u2019univers du digital.\" \/>\n<meta property=\"og:url\" content=\"https:\/\/digitalfriendly.agency\/en\/candidature-spontanee\/\" \/>\n<meta property=\"og:site_name\" content=\"https:\/\/digitalfriendly.agency\" \/>\n<meta property=\"article:publisher\" content=\"https:\/\/www.facebook.com\/DigitalFriendlyTN\" \/>\n<meta property=\"article:modified_time\" content=\"2025-01-08T09:56:21+00:00\" \/>\n<meta property=\"og:image\" content=\"https:\/\/digitalfriendly.agency\/wp-content\/uploads\/2024\/09\/Fichier-3-100.jpg\" \/>\n\t<meta property=\"og:image:width\" content=\"2226\" \/>\n\t<meta property=\"og:image:height\" content=\"1039\" \/>\n\t<meta property=\"og:image:type\" content=\"image\/jpeg\" \/>\n<meta name=\"twitter:card\" content=\"summary_large_image\" \/>\n<meta name=\"twitter:label1\" content=\"Est. reading time\" \/>\n\t<meta name=\"twitter:data1\" content=\"1 minute\" \/>\n<script type=\"application\/ld+json\" class=\"yoast-schema-graph\">{\"@context\":\"https:\/\/schema.org\",\"@graph\":[{\"@type\":\"WebPage\",\"@id\":\"https:\/\/digitalfriendly.agency\/candidature-spontanee\/\",\"url\":\"https:\/\/digitalfriendly.agency\/candidature-spontanee\/\",\"name\":\"Candidature spontan\u00e9e | Agence de communication digitale\",\"isPartOf\":{\"@id\":\"https:\/\/digitalfriendly.agency\/#website\"},\"primaryImageOfPage\":{\"@id\":\"https:\/\/digitalfriendly.agency\/candidature-spontanee\/#primaryimage\"},\"image\":{\"@id\":\"https:\/\/digitalfriendly.agency\/candidature-spontanee\/#primaryimage\"},\"thumbnailUrl\":\"https:\/\/digitalfriendly.agency\/wp-content\/uploads\/2024\/09\/Fichier-3-100.jpg\",\"datePublished\":\"2024-09-19T17:35:20+00:00\",\"dateModified\":\"2025-01-08T09:56:21+00:00\",\"description\":\"Rejoignez Digital Friendly, agence de communication digitale et relevez des d\u00e9fis passionnants dans l\u2019univers du digital.\",\"breadcrumb\":{\"@id\":\"https:\/\/digitalfriendly.agency\/candidature-spontanee\/#breadcrumb\"},\"inLanguage\":\"en-US\",\"potentialAction\":[{\"@type\":\"ReadAction\",\"target\":[\"https:\/\/digitalfriendly.agency\/candidature-spontanee\/\"]}]},{\"@type\":\"ImageObject\",\"inLanguage\":\"en-US\",\"@id\":\"https:\/\/digitalfriendly.agency\/candidature-spontanee\/#primaryimage\",\"url\":\"https:\/\/digitalfriendly.agency\/wp-content\/uploads\/2024\/09\/Fichier-3-100.jpg\",\"contentUrl\":\"https:\/\/digitalfriendly.agency\/wp-content\/uploads\/2024\/09\/Fichier-3-100.jpg\",\"width\":2226,\"height\":1039},{\"@type\":\"BreadcrumbList\",\"@id\":\"https:\/\/digitalfriendly.agency\/candidature-spontanee\/#breadcrumb\",\"itemListElement\":[{\"@type\":\"ListItem\",\"position\":1,\"name\":\"Home\",\"item\":\"https:\/\/digitalfriendly.agency\/\"},{\"@type\":\"ListItem\",\"position\":2,\"name\":\"Candidature spontan\u00e9e\"}]},{\"@type\":\"WebSite\",\"@id\":\"https:\/\/digitalfriendly.agency\/#website\",\"url\":\"https:\/\/digitalfriendly.agency\/\",\"name\":\"https:\/\/digitalfriendly.agency\",\"description\":\"\",\"publisher\":{\"@id\":\"https:\/\/digitalfriendly.agency\/#organization\"},\"potentialAction\":[{\"@type\":\"SearchAction\",\"target\":{\"@type\":\"EntryPoint\",\"urlTemplate\":\"https:\/\/digitalfriendly.agency\/?s={search_term_string}\"},\"query-input\":{\"@type\":\"PropertyValueSpecification\",\"valueRequired\":true,\"valueName\":\"search_term_string\"}}],\"inLanguage\":\"en-US\"},{\"@type\":\"Organization\",\"@id\":\"https:\/\/digitalfriendly.agency\/#organization\",\"name\":\"Digital Friendly Agency\",\"url\":\"https:\/\/digitalfriendly.agency\/\",\"logo\":{\"@type\":\"ImageObject\",\"inLanguage\":\"en-US\",\"@id\":\"https:\/\/digitalfriendly.agency\/#\/schema\/logo\/image\/\",\"url\":\"https:\/\/digitalfriendly.agency\/wp-content\/uploads\/2024\/03\/Logo-DF-PNG.webp\",\"contentUrl\":\"https:\/\/digitalfriendly.agency\/wp-content\/uploads\/2024\/03\/Logo-DF-PNG.webp\",\"width\":1219,\"height\":1219,\"caption\":\"Digital Friendly Agency\"},\"image\":{\"@id\":\"https:\/\/digitalfriendly.agency\/#\/schema\/logo\/image\/\"},\"sameAs\":[\"https:\/\/www.facebook.com\/DigitalFriendlyTN\",\"https:\/\/www.instagram.com\/digitalfriendlytn\/\",\"https:\/\/www.linkedin.com\/company\/digitalfriendly\/\"]}]}<\/script>\n<!-- \/ Yoast SEO plugin. -->","yoast_head_json":{"title":"Candidature spontan\u00e9e | Agence de communication digitale","description":"Rejoignez Digital Friendly, agence de communication digitale et relevez des d\u00e9fis passionnants dans l\u2019univers du digital.","robots":{"index":"index","follow":"follow","max-snippet":"max-snippet:-1","max-image-preview":"max-image-preview:large","max-video-preview":"max-video-preview:-1"},"canonical":"https:\/\/digitalfriendly.agency\/en\/candidature-spontanee\/","og_locale":"en_US","og_type":"article","og_title":"Candidature spontan\u00e9e | Agence de communication digitale","og_description":"Rejoignez Digital Friendly, agence de communication digitale et relevez des d\u00e9fis passionnants dans l\u2019univers du digital.","og_url":"https:\/\/digitalfriendly.agency\/en\/candidature-spontanee\/","og_site_name":"https:\/\/digitalfriendly.agency","article_publisher":"https:\/\/www.facebook.com\/DigitalFriendlyTN","article_modified_time":"2025-01-08T09:56:21+00:00","og_image":[{"width":2226,"height":1039,"url":"https:\/\/digitalfriendly.agency\/wp-content\/uploads\/2024\/09\/Fichier-3-100.jpg","type":"image\/jpeg"}],"twitter_card":"summary_large_image","twitter_misc":{"Est. reading time":"1 minute"},"schema":{"@context":"https:\/\/schema.org","@graph":[{"@type":"WebPage","@id":"https:\/\/digitalfriendly.agency\/candidature-spontanee\/","url":"https:\/\/digitalfriendly.agency\/candidature-spontanee\/","name":"Candidature spontan\u00e9e | Agence de communication digitale","isPartOf":{"@id":"https:\/\/digitalfriendly.agency\/#website"},"primaryImageOfPage":{"@id":"https:\/\/digitalfriendly.agency\/candidature-spontanee\/#primaryimage"},"image":{"@id":"https:\/\/digitalfriendly.agency\/candidature-spontanee\/#primaryimage"},"thumbnailUrl":"https:\/\/digitalfriendly.agency\/wp-content\/uploads\/2024\/09\/Fichier-3-100.jpg","datePublished":"2024-09-19T17:35:20+00:00","dateModified":"2025-01-08T09:56:21+00:00","description":"Rejoignez Digital Friendly, agence de communication digitale et relevez des d\u00e9fis passionnants dans l\u2019univers du digital.","breadcrumb":{"@id":"https:\/\/digitalfriendly.agency\/candidature-spontanee\/#breadcrumb"},"inLanguage":"en-US","potentialAction":[{"@type":"ReadAction","target":["https:\/\/digitalfriendly.agency\/candidature-spontanee\/"]}]},{"@type":"ImageObject","inLanguage":"en-US","@id":"https:\/\/digitalfriendly.agency\/candidature-spontanee\/#primaryimage","url":"https:\/\/digitalfriendly.agency\/wp-content\/uploads\/2024\/09\/Fichier-3-100.jpg","contentUrl":"https:\/\/digitalfriendly.agency\/wp-content\/uploads\/2024\/09\/Fichier-3-100.jpg","width":2226,"height":1039},{"@type":"BreadcrumbList","@id":"https:\/\/digitalfriendly.agency\/candidature-spontanee\/#breadcrumb","itemListElement":[{"@type":"ListItem","position":1,"name":"Home","item":"https:\/\/digitalfriendly.agency\/"},{"@type":"ListItem","position":2,"name":"Candidature spontan\u00e9e"}]},{"@type":"WebSite","@id":"https:\/\/digitalfriendly.agency\/#website","url":"https:\/\/digitalfriendly.agency\/","name":"https:\/\/digitalfriendly.agency","description":"","publisher":{"@id":"https:\/\/digitalfriendly.agency\/#organization"},"potentialAction":[{"@type":"SearchAction","target":{"@type":"EntryPoint","urlTemplate":"https:\/\/digitalfriendly.agency\/?s={search_term_string}"},"query-input":{"@type":"PropertyValueSpecification","valueRequired":true,"valueName":"search_term_string"}}],"inLanguage":"en-US"},{"@type":"Organization","@id":"https:\/\/digitalfriendly.agency\/#organization","name":"Digital Friendly Agency","url":"https:\/\/digitalfriendly.agency\/","logo":{"@type":"ImageObject","inLanguage":"en-US","@id":"https:\/\/digitalfriendly.agency\/#\/schema\/logo\/image\/","url":"https:\/\/digitalfriendly.agency\/wp-content\/uploads\/2024\/03\/Logo-DF-PNG.webp","contentUrl":"https:\/\/digitalfriendly.agency\/wp-content\/uploads\/2024\/03\/Logo-DF-PNG.webp","width":1219,"height":1219,"caption":"Digital Friendly Agency"},"image":{"@id":"https:\/\/digitalfriendly.agency\/#\/schema\/logo\/image\/"},"sameAs":["https:\/\/www.facebook.com\/DigitalFriendlyTN","https:\/\/www.instagram.com\/digitalfriendlytn\/","https:\/\/www.linkedin.com\/company\/digitalfriendly\/"]}]}},"_links":{"self":[{"href":"https:\/\/digitalfriendly.agency\/en\/wp-json\/wp\/v2\/pages\/5678","targetHints":{"allow":["GET"]}}],"collection":[{"href":"https:\/\/digitalfriendly.agency\/en\/wp-json\/wp\/v2\/pages"}],"about":[{"href":"https:\/\/digitalfriendly.agency\/en\/wp-json\/wp\/v2\/types\/page"}],"author":[{"embeddable":true,"href":"https:\/\/digitalfriendly.agency\/en\/wp-json\/wp\/v2\/users\/2"}],"replies":[{"embeddable":true,"href":"https:\/\/digitalfriendly.agency\/en\/wp-json\/wp\/v2\/comments?post=5678"}],"version-history":[{"count":14,"href":"https:\/\/digitalfriendly.agency\/en\/wp-json\/wp\/v2\/pages\/5678\/revisions"}],"predecessor-version":[{"id":6228,"href":"https:\/\/digitalfriendly.agency\/en\/wp-json\/wp\/v2\/pages\/5678\/revisions\/6228"}],"wp:featuredmedia":[{"embeddable":true,"href":"https:\/\/digitalfriendly.agency\/en\/wp-json\/wp\/v2\/media\/5857"}],"wp:attachment":[{"href":"https:\/\/digitalfriendly.agency\/en\/wp-json\/wp\/v2\/media?parent=5678"}],"curies":[{"name":"wp","href":"https:\/\/api.w.org\/{rel}","templated":true}]}}