{"id":5409,"date":"2024-08-30T14:52:18","date_gmt":"2024-08-30T14:52:18","guid":{"rendered":"https:\/\/websites-digitalfriendly.dnmqex.easypanel.host\/?page_id=5409"},"modified":"2025-05-07T12:01:15","modified_gmt":"2025-05-07T12:01:15","slug":"carriere","status":"publish","type":"page","link":"https:\/\/digitalfriendly.agency\/en\/carriere\/","title":{"rendered":"Career"},"content":{"rendered":"<div data-elementor-type=\"wp-page\" data-elementor-id=\"5409\" class=\"elementor elementor-5409\">\n\t\t\t\t<div class=\"elementor-element elementor-element-8f56166 e-con-full e-flex e-con e-parent\" data-id=\"8f56166\" data-element_type=\"container\">\n\t\t\t\t<div class=\"elementor-element elementor-element-f37e539 elementor-widget__width-initial elementor-widget elementor-widget-tx_career_box elh-el tx_career_box\" data-id=\"f37e539\" data-element_type=\"widget\" data-settings=\"{&quot;design_style&quot;:&quot;style_1&quot;}\" data-widget_type=\"tx_career_box.default\">\n\t\t\t\t<div class=\"elementor-widget-container\">\n\t\t\t<div class=\"career-page-card\">\r\n    <div class=\"card-header mb-30\">\r\n        <h4 class=\"card-title gly-heading-1 gly-font-700\">\r\n                        <div class=\"icon\">\r\n                                    <img decoding=\"async\" src=\"https:\/\/digitalfriendly.agency\/wp-content\/uploads\/2024\/03\/logo-DF.png\" alt=\"\" \/>\r\n                            <\/div>\r\n\r\n                        PFE Book  2024 - 2025        <\/h4>\r\n                <span class=\"card-status gly-heading-1 gly-font-500\">Full-time<\/span>\r\n            <\/div>\r\n\r\n    <div class=\"card-meta d-flex align-items-center flex-wrap mb-20\">\r\n            <p class=\"card-meta-item gly-para-1\">\r\n        <i aria-hidden=\"true\" class=\"fal fa-long-arrow-right\"><\/i>         Les Berges du Lac 2, Tunisia        <\/p>\r\n    \r\n            <p class=\"card-meta-item gly-para-1\">\r\n        <i aria-hidden=\"true\" class=\"fal fa-long-arrow-right\"><\/i>        Availability: 2025        <\/p>\r\n    \r\n        <\/div>\r\n\r\n        <p class=\"card-disc gly-para-1\">At Digital Friendly, we believe in the fusion of <b>creativity and innovation<\/b> for impactful projects. This <b>PFE Book<\/b> has been specially designed to guide <b>our future interns<\/b> in their choice, with <b>fascinating topics<\/b> divided into two categories : <b>Communication and Development &amp; Business.<\/p>\r\n    \r\n        <a\r\n    href=\"https:\/\/digitalfriendly.agency\/en\/careers\/pfe-book-2024-2025\/\"\r\n    target=\"_self\"\r\n    rel=\"\"\r\n    class=\"apply-now-btn gly-heading-1\"\r\n    aria-label=\"name\">\r\n        <span class=\"text\">\r\n            View the offer        <\/span>\r\n\r\n                <span class=\"icon\">\r\n            <i aria-hidden=\"true\" class=\"fal fa-long-arrow-right\"><\/i>        <\/span>\r\n            <\/a>\r\n    \r\n<\/div>\t\t<\/div>\n\t\t\t\t<\/div>\n\t\t\t\t<\/div>\n\t\t<div class=\"elementor-element elementor-element-98e6991 e-con-full elementor-hidden-desktop elementor-hidden-tablet elementor-hidden-mobile e-flex e-con e-parent\" data-id=\"98e6991\" data-element_type=\"container\">\n\t\t\t\t<div class=\"elementor-element elementor-element-e468b93 elementor-widget__width-initial elementor-widget elementor-widget-tx_career_box elh-el tx_career_box\" data-id=\"e468b93\" data-element_type=\"widget\" data-settings=\"{&quot;design_style&quot;:&quot;style_1&quot;}\" data-widget_type=\"tx_career_box.default\">\n\t\t\t\t<div class=\"elementor-widget-container\">\n\t\t\t<div class=\"career-page-card\">\r\n    <div class=\"card-header mb-30\">\r\n        <h4 class=\"card-title gly-heading-1 gly-font-700\">\r\n                        <div class=\"icon\">\r\n                                    <img decoding=\"async\" src=\"https:\/\/digitalfriendly.agency\/wp-content\/uploads\/2024\/03\/logo-DF.png\" alt=\"\" \/>\r\n                            <\/div>\r\n\r\n                        Graphic Design Intern        <\/h4>\r\n                <span class=\"card-status gly-heading-1 gly-font-500\">Full-time<\/span>\r\n            <\/div>\r\n\r\n    <div class=\"card-meta d-flex align-items-center flex-wrap mb-20\">\r\n            <p class=\"card-meta-item gly-para-1\">\r\n        <i aria-hidden=\"true\" class=\"fal fa-long-arrow-right\"><\/i>         Les Berges du Lac 2, Tunisia        <\/p>\r\n    \r\n            <p class=\"card-meta-item gly-para-1\">\r\n        <i aria-hidden=\"true\" class=\"fal fa-long-arrow-right\"><\/i>        Immediately        <\/p>\r\n    \r\n        <\/div>\r\n\r\n        <p class=\"card-disc gly-para-1\">Take part in concrete creative projects and develop your design skills in a dynamic professional environment, contributing to our creative strategy.<\/p>\r\n    \r\n        <a\r\n    href=\"https:\/\/digitalfriendly.agency\/en\/careers\/stagiaire-designer-graphique\/\"\r\n    target=\"_self\"\r\n    rel=\"\"\r\n    class=\"apply-now-btn gly-heading-1\"\r\n    aria-label=\"name\">\r\n        <span class=\"text\">\r\n            View the offer        <\/span>\r\n\r\n                <span class=\"icon\">\r\n            <i aria-hidden=\"true\" class=\"fal fa-long-arrow-right\"><\/i>        <\/span>\r\n            <\/a>\r\n    \r\n<\/div>\t\t<\/div>\n\t\t\t\t<\/div>\n\t\t\t\t<div class=\"elementor-element elementor-element-18bd1f7 elementor-widget elementor-widget-tx_career_box elh-el tx_career_box\" data-id=\"18bd1f7\" data-element_type=\"widget\" data-settings=\"{&quot;design_style&quot;:&quot;style_1&quot;}\" data-widget_type=\"tx_career_box.default\">\n\t\t\t\t<div class=\"elementor-widget-container\">\n\t\t\t<div class=\"career-page-card\">\r\n    <div class=\"card-header mb-30\">\r\n        <h4 class=\"card-title gly-heading-1 gly-font-700\">\r\n                        <div class=\"icon\">\r\n                                    <img decoding=\"async\" src=\"https:\/\/digitalfriendly.agency\/wp-content\/uploads\/2024\/03\/logo-DF.png\" alt=\"\" \/>\r\n                            <\/div>\r\n\r\n                        Internship in Motion Design        <\/h4>\r\n                <span class=\"card-status gly-heading-1 gly-font-500\">Full-time<\/span>\r\n            <\/div>\r\n\r\n    <div class=\"card-meta d-flex align-items-center flex-wrap mb-20\">\r\n            <p class=\"card-meta-item gly-para-1\">\r\n        <i aria-hidden=\"true\" class=\"fal fa-long-arrow-right\"><\/i>         Les Berges du Lac 2, Tunisia        <\/p>\r\n    \r\n            <p class=\"card-meta-item gly-para-1\">\r\n        <i aria-hidden=\"true\" class=\"fal fa-long-arrow-right\"><\/i>        Immediately        <\/p>\r\n    \r\n        <\/div>\r\n\r\n        <p class=\"card-disc gly-para-1\">Contribute to captivating visual projects and develop your motion design skills while supporting our digital communications.<\/p>\r\n    \r\n        <a\r\n    href=\"https:\/\/digitalfriendly.agency\/en\/careers\/stage-en-motion-design\/\"\r\n    target=\"_self\"\r\n    rel=\"\"\r\n    class=\"apply-now-btn gly-heading-1\"\r\n    aria-label=\"name\">\r\n        <span class=\"text\">\r\n            View the offer        <\/span>\r\n\r\n                <span class=\"icon\">\r\n            <i aria-hidden=\"true\" class=\"fal fa-long-arrow-right\"><\/i>        <\/span>\r\n            <\/a>\r\n    \r\n<\/div>\t\t<\/div>\n\t\t\t\t<\/div>\n\t\t\t\t<\/div>\n\t\t<div class=\"elementor-element elementor-element-f5dda22 e-flex e-con-boxed e-con e-parent\" data-id=\"f5dda22\" data-element_type=\"container\">\n\t\t\t\t\t<div class=\"e-con-inner\">\n\t\t\t\t<div class=\"elementor-element elementor-element-d6ea246 elementor-widget elementor-widget-tx_button elh-el tx_button\" data-id=\"d6ea246\" data-element_type=\"widget\" data-settings=\"{&quot;design_style&quot;:&quot;style_4&quot;}\" data-widget_type=\"tx_button.default\">\n\t\t\t\t<div class=\"elementor-widget-container\">\n\t\t\t<div class=\"btn-wrapper wow fadeInUp  text-center\">\n    <a\n    class=\"gly-pr-btn-5 tx-button none\"\n    href=\"https:\/\/digitalfriendly.agency\/en\/candidature-spontanee\/\"\n    target=\"_self\"\n    rel=\"\">\n        <span class=\"text\">\n            Unsolicited Application        <\/span>\n        <span class=\"icon\">\n            <i aria-hidden=\"true\" class=\"fas fa-check\"><\/i>        <\/span>\n    <\/a>\n<\/div>\n\t\t<\/div>\n\t\t\t\t<\/div>\n\t\t\t\t\t<\/div>\n\t\t\t\t<\/div>\n\t\t\t\t<\/div>","protected":false},"excerpt":{"rendered":"<p>PFE Book 2024 &#8211; 2025 T. plein Les Berges du Lac 2, Tunisie Disponibilit\u00e9 : 2025 Chez Digital Friendly, nous croyons en la fusion de la cr\u00e9ativit\u00e9 et de l&rsquo;innovation pour des projets impactants. Ce PFE Book a \u00e9t\u00e9 sp\u00e9cialement con\u00e7u pour guider nos futurs stagiaires dans leur choix, avec des sujets captivants r\u00e9partis en [&hellip;]<\/p>","protected":false},"author":3,"featured_media":0,"parent":0,"menu_order":0,"comment_status":"closed","ping_status":"closed","template":"","meta":{"inline_featured_image":false,"footnotes":""},"class_list":["post-5409","page","type-page","status-publish","hentry"],"yoast_head":"<!-- This site is optimized with the Yoast SEO plugin v25.4 - https:\/\/yoast.com\/wordpress\/plugins\/seo\/ -->\n<title>Emploi en marketing digital | Digital Friendly Agency<\/title>\n<meta name=\"description\" content=\"Chez Digital Friendly Agency, chaque talent compte. Si vous aimez le travail en \u00e9quipe, la cr\u00e9ativit\u00e9 et l\u2019innovation digitale, rejoignez nous !\" \/>\n<meta name=\"robots\" content=\"index, follow, max-snippet:-1, max-image-preview:large, max-video-preview:-1\" \/>\n<link rel=\"canonical\" href=\"https:\/\/digitalfriendly.agency\/en\/carriere\/\" \/>\n<meta property=\"og:locale\" content=\"en_US\" \/>\n<meta property=\"og:type\" content=\"article\" \/>\n<meta property=\"og:title\" content=\"Emploi en marketing digital | Digital Friendly Agency\" \/>\n<meta property=\"og:description\" content=\"Chez Digital Friendly Agency, chaque talent compte. Si vous aimez le travail en \u00e9quipe, la cr\u00e9ativit\u00e9 et l\u2019innovation digitale, rejoignez nous !\" \/>\n<meta property=\"og:url\" content=\"https:\/\/digitalfriendly.agency\/en\/carriere\/\" \/>\n<meta property=\"og:site_name\" content=\"https:\/\/digitalfriendly.agency\" \/>\n<meta property=\"article:publisher\" content=\"https:\/\/www.facebook.com\/DigitalFriendlyTN\" \/>\n<meta property=\"article:modified_time\" content=\"2025-05-07T12:01:15+00:00\" \/>\n<meta property=\"og:image\" content=\"https:\/\/digitalfriendly.agency\/wp-content\/uploads\/2024\/03\/logo-DF.png\" \/>\n<meta name=\"twitter:card\" content=\"summary_large_image\" \/>\n<meta name=\"twitter:label1\" content=\"Est. reading time\" \/>\n\t<meta name=\"twitter:data1\" content=\"2 minutes\" \/>\n<script type=\"application\/ld+json\" class=\"yoast-schema-graph\">{\"@context\":\"https:\/\/schema.org\",\"@graph\":[{\"@type\":\"WebPage\",\"@id\":\"https:\/\/digitalfriendly.agency\/carriere\/\",\"url\":\"https:\/\/digitalfriendly.agency\/carriere\/\",\"name\":\"Emploi en marketing digital | Digital Friendly Agency\",\"isPartOf\":{\"@id\":\"https:\/\/digitalfriendly.agency\/#website\"},\"primaryImageOfPage\":{\"@id\":\"https:\/\/digitalfriendly.agency\/carriere\/#primaryimage\"},\"image\":{\"@id\":\"https:\/\/digitalfriendly.agency\/carriere\/#primaryimage\"},\"thumbnailUrl\":\"https:\/\/digitalfriendly.agency\/wp-content\/uploads\/2024\/03\/logo-DF.png\",\"datePublished\":\"2024-08-30T14:52:18+00:00\",\"dateModified\":\"2025-05-07T12:01:15+00:00\",\"description\":\"Chez Digital Friendly Agency, chaque talent compte. Si vous aimez le travail en \u00e9quipe, la cr\u00e9ativit\u00e9 et l\u2019innovation digitale, rejoignez nous !\",\"breadcrumb\":{\"@id\":\"https:\/\/digitalfriendly.agency\/carriere\/#breadcrumb\"},\"inLanguage\":\"en-US\",\"potentialAction\":[{\"@type\":\"ReadAction\",\"target\":[\"https:\/\/digitalfriendly.agency\/carriere\/\"]}]},{\"@type\":\"ImageObject\",\"inLanguage\":\"en-US\",\"@id\":\"https:\/\/digitalfriendly.agency\/carriere\/#primaryimage\",\"url\":\"https:\/\/digitalfriendly.agency\/wp-content\/uploads\/2024\/03\/logo-DF.png\",\"contentUrl\":\"https:\/\/digitalfriendly.agency\/wp-content\/uploads\/2024\/03\/logo-DF.png\"},{\"@type\":\"BreadcrumbList\",\"@id\":\"https:\/\/digitalfriendly.agency\/carriere\/#breadcrumb\",\"itemListElement\":[{\"@type\":\"ListItem\",\"position\":1,\"name\":\"Home\",\"item\":\"https:\/\/digitalfriendly.agency\/\"},{\"@type\":\"ListItem\",\"position\":2,\"name\":\"Carri\u00e8re\"}]},{\"@type\":\"WebSite\",\"@id\":\"https:\/\/digitalfriendly.agency\/#website\",\"url\":\"https:\/\/digitalfriendly.agency\/\",\"name\":\"https:\/\/digitalfriendly.agency\",\"description\":\"\",\"publisher\":{\"@id\":\"https:\/\/digitalfriendly.agency\/#organization\"},\"potentialAction\":[{\"@type\":\"SearchAction\",\"target\":{\"@type\":\"EntryPoint\",\"urlTemplate\":\"https:\/\/digitalfriendly.agency\/?s={search_term_string}\"},\"query-input\":{\"@type\":\"PropertyValueSpecification\",\"valueRequired\":true,\"valueName\":\"search_term_string\"}}],\"inLanguage\":\"en-US\"},{\"@type\":\"Organization\",\"@id\":\"https:\/\/digitalfriendly.agency\/#organization\",\"name\":\"Digital Friendly Agency\",\"url\":\"https:\/\/digitalfriendly.agency\/\",\"logo\":{\"@type\":\"ImageObject\",\"inLanguage\":\"en-US\",\"@id\":\"https:\/\/digitalfriendly.agency\/#\/schema\/logo\/image\/\",\"url\":\"https:\/\/digitalfriendly.agency\/wp-content\/uploads\/2024\/03\/Logo-DF-PNG.webp\",\"contentUrl\":\"https:\/\/digitalfriendly.agency\/wp-content\/uploads\/2024\/03\/Logo-DF-PNG.webp\",\"width\":1219,\"height\":1219,\"caption\":\"Digital Friendly Agency\"},\"image\":{\"@id\":\"https:\/\/digitalfriendly.agency\/#\/schema\/logo\/image\/\"},\"sameAs\":[\"https:\/\/www.facebook.com\/DigitalFriendlyTN\",\"https:\/\/www.instagram.com\/digitalfriendlytn\/\",\"https:\/\/www.linkedin.com\/company\/digitalfriendly\/\"]}]}<\/script>\n<!-- \/ Yoast SEO plugin. -->","yoast_head_json":{"title":"Emploi en marketing digital | Digital Friendly Agency","description":"Chez Digital Friendly Agency, chaque talent compte. Si vous aimez le travail en \u00e9quipe, la cr\u00e9ativit\u00e9 et l\u2019innovation digitale, rejoignez nous !","robots":{"index":"index","follow":"follow","max-snippet":"max-snippet:-1","max-image-preview":"max-image-preview:large","max-video-preview":"max-video-preview:-1"},"canonical":"https:\/\/digitalfriendly.agency\/en\/carriere\/","og_locale":"en_US","og_type":"article","og_title":"Emploi en marketing digital | Digital Friendly Agency","og_description":"Chez Digital Friendly Agency, chaque talent compte. Si vous aimez le travail en \u00e9quipe, la cr\u00e9ativit\u00e9 et l\u2019innovation digitale, rejoignez nous !","og_url":"https:\/\/digitalfriendly.agency\/en\/carriere\/","og_site_name":"https:\/\/digitalfriendly.agency","article_publisher":"https:\/\/www.facebook.com\/DigitalFriendlyTN","article_modified_time":"2025-05-07T12:01:15+00:00","og_image":[{"url":"https:\/\/digitalfriendly.agency\/wp-content\/uploads\/2024\/03\/logo-DF.png","type":"","width":"","height":""}],"twitter_card":"summary_large_image","twitter_misc":{"Est. reading time":"2 minutes"},"schema":{"@context":"https:\/\/schema.org","@graph":[{"@type":"WebPage","@id":"https:\/\/digitalfriendly.agency\/carriere\/","url":"https:\/\/digitalfriendly.agency\/carriere\/","name":"Emploi en marketing digital | Digital Friendly Agency","isPartOf":{"@id":"https:\/\/digitalfriendly.agency\/#website"},"primaryImageOfPage":{"@id":"https:\/\/digitalfriendly.agency\/carriere\/#primaryimage"},"image":{"@id":"https:\/\/digitalfriendly.agency\/carriere\/#primaryimage"},"thumbnailUrl":"https:\/\/digitalfriendly.agency\/wp-content\/uploads\/2024\/03\/logo-DF.png","datePublished":"2024-08-30T14:52:18+00:00","dateModified":"2025-05-07T12:01:15+00:00","description":"Chez Digital Friendly Agency, chaque talent compte. Si vous aimez le travail en \u00e9quipe, la cr\u00e9ativit\u00e9 et l\u2019innovation digitale, rejoignez nous !","breadcrumb":{"@id":"https:\/\/digitalfriendly.agency\/carriere\/#breadcrumb"},"inLanguage":"en-US","potentialAction":[{"@type":"ReadAction","target":["https:\/\/digitalfriendly.agency\/carriere\/"]}]},{"@type":"ImageObject","inLanguage":"en-US","@id":"https:\/\/digitalfriendly.agency\/carriere\/#primaryimage","url":"https:\/\/digitalfriendly.agency\/wp-content\/uploads\/2024\/03\/logo-DF.png","contentUrl":"https:\/\/digitalfriendly.agency\/wp-content\/uploads\/2024\/03\/logo-DF.png"},{"@type":"BreadcrumbList","@id":"https:\/\/digitalfriendly.agency\/carriere\/#breadcrumb","itemListElement":[{"@type":"ListItem","position":1,"name":"Home","item":"https:\/\/digitalfriendly.agency\/"},{"@type":"ListItem","position":2,"name":"Carri\u00e8re"}]},{"@type":"WebSite","@id":"https:\/\/digitalfriendly.agency\/#website","url":"https:\/\/digitalfriendly.agency\/","name":"https:\/\/digitalfriendly.agency","description":"","publisher":{"@id":"https:\/\/digitalfriendly.agency\/#organization"},"potentialAction":[{"@type":"SearchAction","target":{"@type":"EntryPoint","urlTemplate":"https:\/\/digitalfriendly.agency\/?s={search_term_string}"},"query-input":{"@type":"PropertyValueSpecification","valueRequired":true,"valueName":"search_term_string"}}],"inLanguage":"en-US"},{"@type":"Organization","@id":"https:\/\/digitalfriendly.agency\/#organization","name":"Digital Friendly Agency","url":"https:\/\/digitalfriendly.agency\/","logo":{"@type":"ImageObject","inLanguage":"en-US","@id":"https:\/\/digitalfriendly.agency\/#\/schema\/logo\/image\/","url":"https:\/\/digitalfriendly.agency\/wp-content\/uploads\/2024\/03\/Logo-DF-PNG.webp","contentUrl":"https:\/\/digitalfriendly.agency\/wp-content\/uploads\/2024\/03\/Logo-DF-PNG.webp","width":1219,"height":1219,"caption":"Digital Friendly Agency"},"image":{"@id":"https:\/\/digitalfriendly.agency\/#\/schema\/logo\/image\/"},"sameAs":["https:\/\/www.facebook.com\/DigitalFriendlyTN","https:\/\/www.instagram.com\/digitalfriendlytn\/","https:\/\/www.linkedin.com\/company\/digitalfriendly\/"]}]}},"_links":{"self":[{"href":"https:\/\/digitalfriendly.agency\/en\/wp-json\/wp\/v2\/pages\/5409","targetHints":{"allow":["GET"]}}],"collection":[{"href":"https:\/\/digitalfriendly.agency\/en\/wp-json\/wp\/v2\/pages"}],"about":[{"href":"https:\/\/digitalfriendly.agency\/en\/wp-json\/wp\/v2\/types\/page"}],"author":[{"embeddable":true,"href":"https:\/\/digitalfriendly.agency\/en\/wp-json\/wp\/v2\/users\/3"}],"replies":[{"embeddable":true,"href":"https:\/\/digitalfriendly.agency\/en\/wp-json\/wp\/v2\/comments?post=5409"}],"version-history":[{"count":55,"href":"https:\/\/digitalfriendly.agency\/en\/wp-json\/wp\/v2\/pages\/5409\/revisions"}],"predecessor-version":[{"id":6915,"href":"https:\/\/digitalfriendly.agency\/en\/wp-json\/wp\/v2\/pages\/5409\/revisions\/6915"}],"wp:attachment":[{"href":"https:\/\/digitalfriendly.agency\/en\/wp-json\/wp\/v2\/media?parent=5409"}],"curies":[{"name":"wp","href":"https:\/\/api.w.org\/{rel}","templated":true}]}}