{"id":35,"date":"2024-03-24T19:28:16","date_gmt":"2024-03-24T19:28:16","guid":{"rendered":"http:\/\/localhost:10579\/?page_id=35"},"modified":"2025-05-14T10:09:49","modified_gmt":"2025-05-14T10:09:49","slug":"contact-agence-web","status":"publish","type":"page","link":"https:\/\/digitalfriendly.agency\/en\/contact-agence-web\/","title":{"rendered":"Contact Us"},"content":{"rendered":"<div data-elementor-type=\"wp-page\" data-elementor-id=\"35\" class=\"elementor elementor-35\">\n\t\t\t\t\t\t<section class=\"elementor-section elementor-top-section elementor-element elementor-element-c4ff181 elementor-section-full_width elementor-section-height-default elementor-section-height-default\" data-id=\"c4ff181\" data-element_type=\"section\">\n\t\t\t\t\t\t<div class=\"elementor-container elementor-column-gap-default\">\n\t\t\t\t\t<div class=\"elementor-column elementor-col-50 elementor-top-column elementor-element elementor-element-05ebf1e\" data-id=\"05ebf1e\" data-element_type=\"column\">\n\t\t\t<div class=\"elementor-widget-wrap elementor-element-populated\">\n\t\t\t\t\t\t<div class=\"elementor-element elementor-element-8c07dd8 elementor-widget elementor-widget-image\" data-id=\"8c07dd8\" data-element_type=\"widget\" data-widget_type=\"image.default\">\n\t\t\t\t<div class=\"elementor-widget-container\">\n\t\t\t\t\t\t\t\t\t\t\t\t\t<img decoding=\"async\" src=\"https:\/\/digitalfriendly.agency\/wp-content\/uploads\/elementor\/thumbs\/phone-logo-qo6z8gdm1ycw7ou6678iwpvmklo4gyk1k1bivvpzk8.webp\" title=\"phone-logo\" alt=\"phone-logo\" loading=\"lazy\" \/>\t\t\t\t\t\t\t\t\t\t\t\t\t<\/div>\n\t\t\t\t<\/div>\n\t\t\t\t\t<\/div>\n\t\t<\/div>\n\t\t\t\t<div class=\"elementor-column elementor-col-50 elementor-top-column elementor-element elementor-element-845210d\" data-id=\"845210d\" data-element_type=\"column\">\n\t\t\t<div class=\"elementor-widget-wrap elementor-element-populated\">\n\t\t\t\t\t\t<div class=\"elementor-element elementor-element-ed9743c elementor-widget__width-initial elementor-widget elementor-widget-tx_heading elh-el tx_heading\" data-id=\"ed9743c\" data-element_type=\"widget\" data-settings=\"{&quot;design_style&quot;:&quot;style_1&quot;}\" data-widget_type=\"tx_heading.default\">\n\t\t\t\t<div class=\"elementor-widget-container\">\n\t\t\t<div class=\"gly-testimonial-1-section-title text-left\">\r\n    \r\n    <h2 class=\"tx-title gly-section-title-1 has-color-2\">Ready to take the plunge <span class=\"has-stoke\">towards your digital goals?<\/span><\/h2>\r\n        <p class=\"gly-para-1 tx-description\">\r\n        Let us help you succeed! Fill out this contact form. <a href=\"https:\/\/digitalfriendly.agency\/en\/agence-de-communication-webmarketing\/\" \/><b>web agency<\/b><\/a> and get your personalized quote or schedule an appointment.    <\/p>\r\n    <\/div>\t\t<\/div>\n\t\t\t\t<\/div>\n\t\t\t\t<div class=\"elementor-element elementor-element-1a895c0 contact-page-form elementor-widget__width-initial elementor-widget elementor-widget-shortcode\" data-id=\"1a895c0\" data-element_type=\"widget\" data-widget_type=\"shortcode.default\">\n\t\t\t\t<div class=\"elementor-widget-container\">\n\t\t\t\t\t<div class=\"elementor-shortcode\">\n<div class=\"wpcf7 no-js\" id=\"wpcf7-f1206-o1\" lang=\"en-US\" dir=\"ltr\">\n<div class=\"screen-reader-response\"><p role=\"status\" aria-live=\"polite\" aria-atomic=\"true\"><\/p> <ul><\/ul><\/div>\n<form action=\"\/en\/wp-json\/wp\/v2\/pages\/35#wpcf7-f1206-o1\" method=\"post\" class=\"wpcf7-form init\" aria-label=\"Contact form\" novalidate=\"novalidate\" data-status=\"init\" data-trp-original-action=\"\/en\/wp-json\/wp\/v2\/pages\/35#wpcf7-f1206-o1\">\n<div style=\"display: none;\">\n<input type=\"hidden\" name=\"_wpcf7\" value=\"1206\" \/>\n<input type=\"hidden\" name=\"_wpcf7_version\" value=\"5.9.6\" \/>\n<input type=\"hidden\" name=\"_wpcf7_locale\" value=\"en_US\" \/>\n<input type=\"hidden\" name=\"_wpcf7_unit_tag\" value=\"wpcf7-f1206-o1\" \/>\n<input type=\"hidden\" name=\"_wpcf7_container_post\" value=\"0\" \/>\n<input type=\"hidden\" name=\"_wpcf7_posted_data_hash\" value=\"\" \/>\n<\/div>\n<div class=\"contact-page-form\">\n<div class=\"job-apply-page-form contact-form-wrap\">\n<div class=\"contact-form\">\n    <div class=\"contact-form-input\">\n        <span class=\"wpcf7-form-control-wrap\" data-name=\"text-565\"><input size=\"40\" maxlength=\"80\" class=\"wpcf7-form-control wpcf7-text wpcf7-validates-as-required input-box\" aria-required=\"true\" aria-invalid=\"false\" placeholder=\"First name\" value=\"\" type=\"text\" name=\"text-565\" \/><\/span>\n    <\/div>\n    <div class=\"contact-form-input\">\n        <span class=\"wpcf7-form-control-wrap\" data-name=\"text-566\"><input size=\"40\" maxlength=\"80\" class=\"wpcf7-form-control wpcf7-text wpcf7-validates-as-required input-box\" aria-required=\"true\" aria-invalid=\"false\" placeholder=\"Name\" value=\"\" type=\"text\" name=\"text-566\" \/><\/span>\n    <\/div>\n    <div class=\"contact-form-input\">\n        <span class=\"wpcf7-form-control-wrap\" data-name=\"email-567\"><input size=\"40\" maxlength=\"80\" class=\"wpcf7-form-control wpcf7-email wpcf7-validates-as-required wpcf7-text wpcf7-validates-as-email input-box\" aria-required=\"true\" aria-invalid=\"false\" placeholder=\"Email Address\" value=\"\" type=\"email\" name=\"email-567\" \/><\/span>\n    <\/div>\n    <div class=\"contact-form-input\">\n        <span class=\"wpcf7-form-control-wrap\" data-name=\"text-568\"><input size=\"40\" maxlength=\"80\" class=\"wpcf7-form-control wpcf7-text wpcf7-validates-as-required input-box\" aria-required=\"true\" aria-invalid=\"false\" placeholder=\"Subject\" value=\"\" type=\"text\" name=\"text-568\" \/><\/span>\n    <\/div>          \n    <div class=\"contact-form-input has-full-width\">\n        <span class=\"wpcf7-form-control-wrap\" data-name=\"textarea-92\"><textarea cols=\"40\" rows=\"10\" maxlength=\"400\" class=\"wpcf7-form-control wpcf7-textarea\" aria-invalid=\"false\" placeholder=\"Message\" name=\"textarea-92\"><\/textarea><\/span>\n    <\/div>\n    <div class=\"contact-form-input has-full-width text-center\">\n        <button class=\"gly-pr-btn-1\" type=\"submit\" aria-label=\"name\">\n            <span class=\"text\">Send<\/span>\n        <\/button>\n    <\/div>\n<\/div>\n<\/div>\n<\/div><p style=\"display: none !important;\" class=\"akismet-fields-container\" data-prefix=\"_wpcf7_ak_\"><label>&#916;<textarea name=\"_wpcf7_ak_hp_textarea\" cols=\"45\" rows=\"8\" maxlength=\"100\"><\/textarea><\/label><input type=\"hidden\" id=\"ak_js_1\" name=\"_wpcf7_ak_js\" value=\"135\"\/><script>document.getElementById( \"ak_js_1\" ).setAttribute( \"value\", ( new Date() ).getTime() );<\/script><\/p><input type='hidden' class='wpcf7-pum' value='{\"closepopup\":false,\"closedelay\":0,\"openpopup\":false,\"openpopup_id\":0}' \/><div class=\"wpcf7-response-output\" aria-hidden=\"true\"><\/div>\n<input type=\"hidden\" name=\"trp-form-language\" value=\"en\"\/><\/form>\n<\/div>\n<\/div>\n\t\t\t\t<\/div>\n\t\t\t\t<\/div>\n\t\t\t\t\t<\/div>\n\t\t<\/div>\n\t\t\t\t\t<\/div>\n\t\t<\/section>\n\t\t\t\t<section class=\"elementor-section elementor-top-section elementor-element elementor-element-ec77eaf elementor-section-full_width elementor-section-height-default elementor-section-height-default\" data-id=\"ec77eaf\" data-element_type=\"section\">\n\t\t\t\t\t\t<div class=\"elementor-container elementor-column-gap-default\">\n\t\t\t\t\t<div class=\"elementor-column elementor-col-100 elementor-top-column elementor-element elementor-element-dcf2e56\" data-id=\"dcf2e56\" data-element_type=\"column\">\n\t\t\t<div class=\"elementor-widget-wrap elementor-element-populated\">\n\t\t\t\t\t\t<div class=\"elementor-element elementor-element-a575306 elementor-widget elementor-widget-tx_social_links elh-el tx_social_links\" data-id=\"a575306\" data-element_type=\"widget\" data-settings=\"{&quot;design_style&quot;:&quot;style_1&quot;}\" data-widget_type=\"tx_social_links.default\">\n\t\t\t\t<div class=\"elementor-widget-container\">\n\t\t\t<ul class=\"team-details-person-social tx-listItems list-unstyled\">\r\n        <li>\r\n        <a href=\"https:\/\/www.facebook.com\/DigitalFriendlyTN\/\"\r\n            target=\"_self\"\r\n            rel=\"\">\r\n            <i aria-hidden=\"true\" class=\"fab fa-facebook\"><\/i>        <\/a>\r\n    <\/li>\r\n        <li>\r\n        <a href=\"https:\/\/www.instagram.com\/digitalfriendlytn\/\"\r\n            target=\"_self\"\r\n            rel=\"\">\r\n            <i aria-hidden=\"true\" class=\"fab fa-instagram\"><\/i>        <\/a>\r\n    <\/li>\r\n        <li>\r\n        <a href=\"https:\/\/www.linkedin.com\/company\/digitalfriendly\/\"\r\n            target=\"_self\"\r\n            rel=\"\">\r\n            <i aria-hidden=\"true\" class=\"fab fa-linkedin\"><\/i>        <\/a>\r\n    <\/li>\r\n        <li>\r\n        <a href=\"https:\/\/www.tiktok.com\/@digitalfriendlytn\"\r\n            target=\"_self\"\r\n            rel=\"\">\r\n            <i aria-hidden=\"true\" class=\"fab fa-tiktok\"><\/i>        <\/a>\r\n    <\/li>\r\n    <\/ul>\t\t<\/div>\n\t\t\t\t<\/div>\n\t\t\t\t<div class=\"elementor-element elementor-element-773876b elementor-widget elementor-widget-tx_contact_info elh-el tx_contact_info\" data-id=\"773876b\" data-element_type=\"widget\" data-settings=\"{&quot;design_style&quot;:&quot;style_1&quot;}\" data-widget_type=\"tx_contact_info.default\">\n\t\t\t\t<div class=\"elementor-widget-container\">\n\t\t\t<div class=\"contact-page-info-area fix\">\r\n    <div class=\"container gly-container-3\">\r\n        <div class=\"contact-page-info bg-default\" data-background=\"https:\/\/digitalfriendly.agency\/wp-content\/uploads\/2024\/04\/c-info-bg.png\">\r\n\r\n                        <h3 class=\"info-title gly-heading-1 has-white gly-font-700 text-center\">\r\n                Contact Info            <\/h3>\r\n            \r\n            <div class=\"contact-page-info-item-wrap\">\r\n                                    <div class=\"contact-page-info-item d-flex\">\r\n                                        <div class=\"icon\">\r\n                        <i aria-hidden=\"true\" class=\"fas fa-house\"><\/i>                    <\/div>\r\n                    \r\n                    <div class=\"content\">\r\n                                                <h4 class=\"item-title gly-font-700 gly-heading-1 has-white\">\r\n                            Adresse du bureau                        <\/h4>\r\n                        \r\n                        <div class=\"gly-para-1 has-white item-disc\">\r\n                            <p><span>Lake Residence, Dirham Avenue, 1053 Lac 2, Tunis, Tunisia<\/span><\/p>                        <\/div>\r\n                    <\/div>\r\n                <\/div>\r\n                                    <div class=\"contact-page-info-item d-flex\">\r\n                                        <div class=\"icon\">\r\n                        <i aria-hidden=\"true\" class=\"far fa-phone-rotary\"><\/i>                    <\/div>\r\n                    \r\n                    <div class=\"content\">\r\n                                                <h4 class=\"item-title gly-font-700 gly-heading-1 has-white\">\r\n                            T\u00e9l\u00e9phone                         <\/h4>\r\n                        \r\n                        <div class=\"gly-para-1 has-white item-disc\">\r\n                            <p><a href=\"tel:216)29 349 500\">(+216) 29-349-500<\/a><\/p>                        <\/div>\r\n                    <\/div>\r\n                <\/div>\r\n                                    <div class=\"contact-page-info-item d-flex\">\r\n                                        <div class=\"icon\">\r\n                        <i aria-hidden=\"true\" class=\"fas fa-envelope-open-text\"><\/i>                    <\/div>\r\n                    \r\n                    <div class=\"content\">\r\n                                                <h4 class=\"item-title gly-font-700 gly-heading-1 has-white\">\r\n                            E-Mail                         <\/h4>\r\n                        \r\n                        <div class=\"gly-para-1 has-white item-disc\">\r\n                            <p><a href=\"mailto:hello@digitalfriendly.agency\">hello@digitalfriendly.agency<\/a><\/p>                        <\/div>\r\n                    <\/div>\r\n                <\/div>\r\n                            <\/div>\r\n        <\/div>\r\n    <\/div>\r\n\r\n        <div class=\"contact-page-map\">\r\n        <iframe src=\"https:\/\/maps.google.com\/maps?q=Digital+Friendly+Agency&amp;t=m&amp;z=15&amp;output=embed&amp;iwloc=near\"><\/iframe>    <\/div>\r\n    <\/div>\t\t<\/div>\n\t\t\t\t<\/div>\n\t\t\t\t\t<\/div>\n\t\t<\/div>\n\t\t\t\t\t<\/div>\n\t\t<\/section>\n\t\t\t\t<\/div>","protected":false},"excerpt":{"rendered":"<p>Pr\u00eats \u00e0 franchir le cap vers vos objectifs digitaux ? Laissez-nous vous accompagner vers la r\u00e9ussite ! Remplissez ce formulaire de contact agence web et obtenez votre devis personnalis\u00e9 ou planifiez un rendez-vous. Contact Info Adresse du bureau Lake R\u00e9sidence, Av. du Dirham, 1053 Lac 2, Tunis Tunisie T\u00e9l\u00e9phone (+216) 29-349-500 E-Mail hello@digitalfriendly.agency<\/p>","protected":false},"author":2,"featured_media":0,"parent":0,"menu_order":0,"comment_status":"closed","ping_status":"closed","template":"elementor_header_footer","meta":{"inline_featured_image":false,"footnotes":""},"class_list":["post-35","page","type-page","status-publish","hentry"],"yoast_head":"<!-- This site is optimized with the Yoast SEO plugin v25.4 - https:\/\/yoast.com\/wordpress\/plugins\/seo\/ -->\n<title>Contact agence web | Digital Friendly Agency<\/title>\n<meta name=\"description\" content=\"Pour vos besoins digitaux, choisissez l&#039;expertise Digital Friendly. Contact agence web et \u00e9changeons sur votre projet.\" \/>\n<meta name=\"robots\" content=\"index, follow, max-snippet:-1, max-image-preview:large, max-video-preview:-1\" \/>\n<link rel=\"canonical\" href=\"https:\/\/digitalfriendly.agency\/en\/contact-agence-web\/\" \/>\n<meta property=\"og:locale\" content=\"en_US\" \/>\n<meta property=\"og:type\" content=\"article\" \/>\n<meta property=\"og:title\" content=\"Contact agence web | Digital Friendly Agency\" \/>\n<meta property=\"og:description\" content=\"Pour vos besoins digitaux, choisissez l&#039;expertise Digital Friendly. Contact agence web et \u00e9changeons sur votre projet.\" \/>\n<meta property=\"og:url\" content=\"https:\/\/digitalfriendly.agency\/en\/contact-agence-web\/\" \/>\n<meta property=\"og:site_name\" content=\"https:\/\/digitalfriendly.agency\" \/>\n<meta property=\"article:publisher\" content=\"https:\/\/www.facebook.com\/DigitalFriendlyTN\" \/>\n<meta property=\"article:modified_time\" content=\"2025-05-14T10:09:49+00:00\" \/>\n<meta property=\"og:image\" content=\"https:\/\/digitalfriendly.agency\/wp-content\/uploads\/elementor\/thumbs\/phone-logo-qo6z8gdm1ycw7ou6678iwpvmklo4gyk1k1bivvpzk8.webp\" \/>\n<meta name=\"twitter:card\" content=\"summary_large_image\" \/>\n<meta name=\"twitter:label1\" content=\"Est. reading time\" \/>\n\t<meta name=\"twitter:data1\" content=\"1 minute\" \/>\n<script type=\"application\/ld+json\" class=\"yoast-schema-graph\">{\"@context\":\"https:\/\/schema.org\",\"@graph\":[{\"@type\":\"WebPage\",\"@id\":\"https:\/\/digitalfriendly.agency\/contact-agence-web\/\",\"url\":\"https:\/\/digitalfriendly.agency\/contact-agence-web\/\",\"name\":\"Contact agence web | Digital Friendly Agency\",\"isPartOf\":{\"@id\":\"https:\/\/digitalfriendly.agency\/#website\"},\"primaryImageOfPage\":{\"@id\":\"https:\/\/digitalfriendly.agency\/contact-agence-web\/#primaryimage\"},\"image\":{\"@id\":\"https:\/\/digitalfriendly.agency\/contact-agence-web\/#primaryimage\"},\"thumbnailUrl\":\"https:\/\/digitalfriendly.agency\/wp-content\/uploads\/elementor\/thumbs\/phone-logo-qo6z8gdm1ycw7ou6678iwpvmklo4gyk1k1bivvpzk8.webp\",\"datePublished\":\"2024-03-24T19:28:16+00:00\",\"dateModified\":\"2025-05-14T10:09:49+00:00\",\"description\":\"Pour vos besoins digitaux, choisissez l'expertise Digital Friendly. Contact agence web et \u00e9changeons sur votre projet.\",\"breadcrumb\":{\"@id\":\"https:\/\/digitalfriendly.agency\/contact-agence-web\/#breadcrumb\"},\"inLanguage\":\"en-US\",\"potentialAction\":[{\"@type\":\"ReadAction\",\"target\":[\"https:\/\/digitalfriendly.agency\/contact-agence-web\/\"]}]},{\"@type\":\"ImageObject\",\"inLanguage\":\"en-US\",\"@id\":\"https:\/\/digitalfriendly.agency\/contact-agence-web\/#primaryimage\",\"url\":\"https:\/\/digitalfriendly.agency\/wp-content\/uploads\/elementor\/thumbs\/phone-logo-qo6z8gdm1ycw7ou6678iwpvmklo4gyk1k1bivvpzk8.webp\",\"contentUrl\":\"https:\/\/digitalfriendly.agency\/wp-content\/uploads\/elementor\/thumbs\/phone-logo-qo6z8gdm1ycw7ou6678iwpvmklo4gyk1k1bivvpzk8.webp\"},{\"@type\":\"BreadcrumbList\",\"@id\":\"https:\/\/digitalfriendly.agency\/contact-agence-web\/#breadcrumb\",\"itemListElement\":[{\"@type\":\"ListItem\",\"position\":1,\"name\":\"Home\",\"item\":\"https:\/\/digitalfriendly.agency\/\"},{\"@type\":\"ListItem\",\"position\":2,\"name\":\"Contactez-Nous\"}]},{\"@type\":\"WebSite\",\"@id\":\"https:\/\/digitalfriendly.agency\/#website\",\"url\":\"https:\/\/digitalfriendly.agency\/\",\"name\":\"https:\/\/digitalfriendly.agency\",\"description\":\"\",\"publisher\":{\"@id\":\"https:\/\/digitalfriendly.agency\/#organization\"},\"potentialAction\":[{\"@type\":\"SearchAction\",\"target\":{\"@type\":\"EntryPoint\",\"urlTemplate\":\"https:\/\/digitalfriendly.agency\/?s={search_term_string}\"},\"query-input\":{\"@type\":\"PropertyValueSpecification\",\"valueRequired\":true,\"valueName\":\"search_term_string\"}}],\"inLanguage\":\"en-US\"},{\"@type\":\"Organization\",\"@id\":\"https:\/\/digitalfriendly.agency\/#organization\",\"name\":\"Digital Friendly Agency\",\"url\":\"https:\/\/digitalfriendly.agency\/\",\"logo\":{\"@type\":\"ImageObject\",\"inLanguage\":\"en-US\",\"@id\":\"https:\/\/digitalfriendly.agency\/#\/schema\/logo\/image\/\",\"url\":\"https:\/\/digitalfriendly.agency\/wp-content\/uploads\/2024\/03\/Logo-DF-PNG.webp\",\"contentUrl\":\"https:\/\/digitalfriendly.agency\/wp-content\/uploads\/2024\/03\/Logo-DF-PNG.webp\",\"width\":1219,\"height\":1219,\"caption\":\"Digital Friendly Agency\"},\"image\":{\"@id\":\"https:\/\/digitalfriendly.agency\/#\/schema\/logo\/image\/\"},\"sameAs\":[\"https:\/\/www.facebook.com\/DigitalFriendlyTN\",\"https:\/\/www.instagram.com\/digitalfriendlytn\/\",\"https:\/\/www.linkedin.com\/company\/digitalfriendly\/\"]}]}<\/script>\n<!-- \/ Yoast SEO plugin. -->","yoast_head_json":{"title":"Contact agence web | Digital Friendly Agency","description":"Pour vos besoins digitaux, choisissez l'expertise Digital Friendly. Contact agence web et \u00e9changeons sur votre projet.","robots":{"index":"index","follow":"follow","max-snippet":"max-snippet:-1","max-image-preview":"max-image-preview:large","max-video-preview":"max-video-preview:-1"},"canonical":"https:\/\/digitalfriendly.agency\/en\/contact-agence-web\/","og_locale":"en_US","og_type":"article","og_title":"Contact agence web | Digital Friendly Agency","og_description":"Pour vos besoins digitaux, choisissez l'expertise Digital Friendly. Contact agence web et \u00e9changeons sur votre projet.","og_url":"https:\/\/digitalfriendly.agency\/en\/contact-agence-web\/","og_site_name":"https:\/\/digitalfriendly.agency","article_publisher":"https:\/\/www.facebook.com\/DigitalFriendlyTN","article_modified_time":"2025-05-14T10:09:49+00:00","og_image":[{"url":"https:\/\/digitalfriendly.agency\/wp-content\/uploads\/elementor\/thumbs\/phone-logo-qo6z8gdm1ycw7ou6678iwpvmklo4gyk1k1bivvpzk8.webp","type":"","width":"","height":""}],"twitter_card":"summary_large_image","twitter_misc":{"Est. reading time":"1 minute"},"schema":{"@context":"https:\/\/schema.org","@graph":[{"@type":"WebPage","@id":"https:\/\/digitalfriendly.agency\/contact-agence-web\/","url":"https:\/\/digitalfriendly.agency\/contact-agence-web\/","name":"Contact agence web | Digital Friendly Agency","isPartOf":{"@id":"https:\/\/digitalfriendly.agency\/#website"},"primaryImageOfPage":{"@id":"https:\/\/digitalfriendly.agency\/contact-agence-web\/#primaryimage"},"image":{"@id":"https:\/\/digitalfriendly.agency\/contact-agence-web\/#primaryimage"},"thumbnailUrl":"https:\/\/digitalfriendly.agency\/wp-content\/uploads\/elementor\/thumbs\/phone-logo-qo6z8gdm1ycw7ou6678iwpvmklo4gyk1k1bivvpzk8.webp","datePublished":"2024-03-24T19:28:16+00:00","dateModified":"2025-05-14T10:09:49+00:00","description":"Pour vos besoins digitaux, choisissez l'expertise Digital Friendly. Contact agence web et \u00e9changeons sur votre projet.","breadcrumb":{"@id":"https:\/\/digitalfriendly.agency\/contact-agence-web\/#breadcrumb"},"inLanguage":"en-US","potentialAction":[{"@type":"ReadAction","target":["https:\/\/digitalfriendly.agency\/contact-agence-web\/"]}]},{"@type":"ImageObject","inLanguage":"en-US","@id":"https:\/\/digitalfriendly.agency\/contact-agence-web\/#primaryimage","url":"https:\/\/digitalfriendly.agency\/wp-content\/uploads\/elementor\/thumbs\/phone-logo-qo6z8gdm1ycw7ou6678iwpvmklo4gyk1k1bivvpzk8.webp","contentUrl":"https:\/\/digitalfriendly.agency\/wp-content\/uploads\/elementor\/thumbs\/phone-logo-qo6z8gdm1ycw7ou6678iwpvmklo4gyk1k1bivvpzk8.webp"},{"@type":"BreadcrumbList","@id":"https:\/\/digitalfriendly.agency\/contact-agence-web\/#breadcrumb","itemListElement":[{"@type":"ListItem","position":1,"name":"Home","item":"https:\/\/digitalfriendly.agency\/"},{"@type":"ListItem","position":2,"name":"Contactez-Nous"}]},{"@type":"WebSite","@id":"https:\/\/digitalfriendly.agency\/#website","url":"https:\/\/digitalfriendly.agency\/","name":"https:\/\/digitalfriendly.agency","description":"","publisher":{"@id":"https:\/\/digitalfriendly.agency\/#organization"},"potentialAction":[{"@type":"SearchAction","target":{"@type":"EntryPoint","urlTemplate":"https:\/\/digitalfriendly.agency\/?s={search_term_string}"},"query-input":{"@type":"PropertyValueSpecification","valueRequired":true,"valueName":"search_term_string"}}],"inLanguage":"en-US"},{"@type":"Organization","@id":"https:\/\/digitalfriendly.agency\/#organization","name":"Digital Friendly Agency","url":"https:\/\/digitalfriendly.agency\/","logo":{"@type":"ImageObject","inLanguage":"en-US","@id":"https:\/\/digitalfriendly.agency\/#\/schema\/logo\/image\/","url":"https:\/\/digitalfriendly.agency\/wp-content\/uploads\/2024\/03\/Logo-DF-PNG.webp","contentUrl":"https:\/\/digitalfriendly.agency\/wp-content\/uploads\/2024\/03\/Logo-DF-PNG.webp","width":1219,"height":1219,"caption":"Digital Friendly Agency"},"image":{"@id":"https:\/\/digitalfriendly.agency\/#\/schema\/logo\/image\/"},"sameAs":["https:\/\/www.facebook.com\/DigitalFriendlyTN","https:\/\/www.instagram.com\/digitalfriendlytn\/","https:\/\/www.linkedin.com\/company\/digitalfriendly\/"]}]}},"_links":{"self":[{"href":"https:\/\/digitalfriendly.agency\/en\/wp-json\/wp\/v2\/pages\/35","targetHints":{"allow":["GET"]}}],"collection":[{"href":"https:\/\/digitalfriendly.agency\/en\/wp-json\/wp\/v2\/pages"}],"about":[{"href":"https:\/\/digitalfriendly.agency\/en\/wp-json\/wp\/v2\/types\/page"}],"author":[{"embeddable":true,"href":"https:\/\/digitalfriendly.agency\/en\/wp-json\/wp\/v2\/users\/2"}],"replies":[{"embeddable":true,"href":"https:\/\/digitalfriendly.agency\/en\/wp-json\/wp\/v2\/comments?post=35"}],"version-history":[{"count":34,"href":"https:\/\/digitalfriendly.agency\/en\/wp-json\/wp\/v2\/pages\/35\/revisions"}],"predecessor-version":[{"id":6967,"href":"https:\/\/digitalfriendly.agency\/en\/wp-json\/wp\/v2\/pages\/35\/revisions\/6967"}],"wp:attachment":[{"href":"https:\/\/digitalfriendly.agency\/en\/wp-json\/wp\/v2\/media?parent=35"}],"curies":[{"name":"wp","href":"https:\/\/api.w.org\/{rel}","templated":true}]}}