{"id":21,"date":"2024-03-24T17:27:20","date_gmt":"2024-03-24T17:27:20","guid":{"rendered":"http:\/\/localhost:10579\/?page_id=21"},"modified":"2026-03-25T12:06:04","modified_gmt":"2026-03-25T12:06:04","slug":"testchatbot","status":"publish","type":"page","link":"https:\/\/digitalfriendly.agency\/en\/testchatbot\/","title":{"rendered":"Test Chatbot clinique l&rsquo;espoir"},"content":{"rendered":"<div data-elementor-type=\"wp-page\" data-elementor-id=\"21\" class=\"elementor elementor-21\">\n\t\t\t\t\t\t<section class=\"elementor-section elementor-top-section elementor-element elementor-element-6add423 elementor-section-full_width elementor-section-height-default elementor-section-height-default\" data-id=\"6add423\" data-element_type=\"section\">\n\t\t\t\t\t\t<div class=\"elementor-container elementor-column-gap-default\">\n\t\t\t\t\t<div class=\"elementor-column elementor-col-100 elementor-top-column elementor-element elementor-element-141f35e\" data-id=\"141f35e\" data-element_type=\"column\">\n\t\t\t<div class=\"elementor-widget-wrap\">\n\t\t\t\t\t\t\t<\/div>\n\t\t<\/div>\n\t\t\t\t\t<\/div>\n\t\t<\/section>\n\t\t<div class=\"elementor-element elementor-element-534c2fe e-flex e-con-boxed e-con e-parent\" data-id=\"534c2fe\" data-element_type=\"container\">\n\t\t\t\t\t<div class=\"e-con-inner\">\n\t\t\t\t<div class=\"elementor-element elementor-element-b920ee5 elementor-widget elementor-widget-html\" data-id=\"b920ee5\" data-element_type=\"widget\" data-widget_type=\"html.default\">\n\t\t\t\t<div class=\"elementor-widget-container\">\n\t\t\t<div style=\"width: 500px; height: 500px;\" id=\"VG_OVERLAY_CONTAINER\">\r\n<!-- Here is where renders the widget. -->\r\n<!-- Set width, height for 500px as an example after changing render to 'full-width' -->\r\n<\/div>\r\n\r\n<!-- Remove 'defer' if you want widget to load faster (Will affect website loading) -->\r\n<script defer>\r\n    (function() {\r\n        window.VG_CONFIG = {\r\n            ID: \"43scrEqLIlptwrwjeavp\",\r\n            region: 'eu', \/\/ 'eu' or 'na'corresponding to Europe and North America\r\n            render: 'full-width', \/\/ popup or full-width\r\n            \/\/ modalMode: true, \/\/ Set this to 'true' to open the widget in modal mode\r\n            stylesheets: [\r\n                \/\/ Base CONVOCORE CSS\r\n                \"https:\/\/cdn.convocore.ai\/vg_live_build\/styles.css\",\r\n                \/\/ Add your custom css stylesheets, Can also add relative URL ('\/public\/your-file.css)\r\n                \/\/ Want a fully branded CDN URL in this script?\r\n                \/\/ White Label add-on ($200\/mo) replaces cdn.convocore.ai with your own URL (for example: cdn.yourcompany.com).\r\n                \/\/ It also includes complete custom branding across your widget experience.\r\n            ],\r\n            \/\/ (SHOULD BE REMOVED OR CHANGED, PROVIDED AS AN EXAMPLE TO USE)\r\n            \/\/ user: {\r\n            \/\/     name: 'John Doe', \/\/ User's name\r\n            \/\/     email: 'johndoe@gmail.com', \/\/ User's email\r\n            \/\/     phone: '+1234567890', \/\/ User's phone number\r\n            \/\/ }\r\n            \/\/\r\n            \/\/ **\r\n            \/\/ userID: 'USER_ID', \/\/ If you want to use your own user_id\r\n            \/\/ autostart: true, \/\/ Whether to autostart the chatbot with the proactive message\r\n        }\r\n        var VG_SCRIPT = document.createElement(\"script\");\r\n        VG_SCRIPT.src = \"https:\/\/cdn.convocore.ai\/vg_live_build\/vg_bundle.js\";\r\n        VG_SCRIPT.defer = true; \/\/ Remove 'defer' if you want widget to load faster (Will affect website loading)\r\n        document.body.appendChild(VG_SCRIPT);\r\n    })()\r\n<\/script>\t\t<\/div>\n\t\t\t\t<\/div>\n\t\t\t\t\t<\/div>\n\t\t\t\t<\/div>\n\t\t\t\t<\/div>","protected":false},"excerpt":{"rendered":"","protected":false},"author":2,"featured_media":0,"parent":0,"menu_order":0,"comment_status":"closed","ping_status":"closed","template":"elementor_header_footer","meta":{"inline_featured_image":false,"footnotes":""},"class_list":["post-21","page","type-page","status-publish","hentry"],"yoast_head":"<!-- This site is optimized with the Yoast SEO plugin v25.4 - https:\/\/yoast.com\/wordpress\/plugins\/seo\/ -->\n<title>Agence de communication webmarketing ax\u00e9e IA | Digital Friendly<\/title>\n<meta name=\"description\" content=\"D\u00e9couvrez notre agence de communication et webmarketing, bas\u00e9e sur des outils d&#039;IA en offrant des solutions sur mesure\" \/>\n<meta name=\"robots\" content=\"index, follow, max-snippet:-1, max-image-preview:large, max-video-preview:-1\" \/>\n<link rel=\"canonical\" href=\"https:\/\/digitalfriendly.agency\/en\/testchatbot\/\" \/>\n<meta property=\"og:locale\" content=\"en_US\" \/>\n<meta property=\"og:type\" content=\"article\" \/>\n<meta property=\"og:title\" content=\"Agence de communication webmarketing ax\u00e9e IA | Digital Friendly\" \/>\n<meta property=\"og:description\" content=\"D\u00e9couvrez notre agence de communication et webmarketing, bas\u00e9e sur des outils d&#039;IA en offrant des solutions sur mesure\" \/>\n<meta property=\"og:url\" content=\"https:\/\/digitalfriendly.agency\/en\/testchatbot\/\" \/>\n<meta property=\"og:site_name\" content=\"https:\/\/digitalfriendly.agency\" \/>\n<meta property=\"article:publisher\" content=\"https:\/\/www.facebook.com\/DigitalFriendlyTN\" \/>\n<meta property=\"article:modified_time\" content=\"2026-03-25T12:06:04+00:00\" \/>\n<meta name=\"twitter:card\" content=\"summary_large_image\" \/>\n<meta name=\"twitter:label1\" content=\"Est. reading time\" \/>\n\t<meta name=\"twitter:data1\" content=\"3 minutes\" \/>\n<script type=\"application\/ld+json\" class=\"yoast-schema-graph\">{\"@context\":\"https:\/\/schema.org\",\"@graph\":[{\"@type\":\"WebPage\",\"@id\":\"https:\/\/digitalfriendly.agency\/testchatbot\/\",\"url\":\"https:\/\/digitalfriendly.agency\/testchatbot\/\",\"name\":\"Agence de communication webmarketing ax\u00e9e IA | Digital Friendly\",\"isPartOf\":{\"@id\":\"https:\/\/digitalfriendly.agency\/#website\"},\"datePublished\":\"2024-03-24T17:27:20+00:00\",\"dateModified\":\"2026-03-25T12:06:04+00:00\",\"description\":\"D\u00e9couvrez notre agence de communication et webmarketing, bas\u00e9e sur des outils d'IA en offrant des solutions sur mesure\",\"breadcrumb\":{\"@id\":\"https:\/\/digitalfriendly.agency\/testchatbot\/#breadcrumb\"},\"inLanguage\":\"en-US\",\"potentialAction\":[{\"@type\":\"ReadAction\",\"target\":[\"https:\/\/digitalfriendly.agency\/testchatbot\/\"]}]},{\"@type\":\"BreadcrumbList\",\"@id\":\"https:\/\/digitalfriendly.agency\/testchatbot\/#breadcrumb\",\"itemListElement\":[{\"@type\":\"ListItem\",\"position\":1,\"name\":\"Home\",\"item\":\"https:\/\/digitalfriendly.agency\/\"},{\"@type\":\"ListItem\",\"position\":2,\"name\":\"Test Chatbot clinique l&#8217;espoir\"}]},{\"@type\":\"WebSite\",\"@id\":\"https:\/\/digitalfriendly.agency\/#website\",\"url\":\"https:\/\/digitalfriendly.agency\/\",\"name\":\"https:\/\/digitalfriendly.agency\",\"description\":\"\",\"publisher\":{\"@id\":\"https:\/\/digitalfriendly.agency\/#organization\"},\"potentialAction\":[{\"@type\":\"SearchAction\",\"target\":{\"@type\":\"EntryPoint\",\"urlTemplate\":\"https:\/\/digitalfriendly.agency\/?s={search_term_string}\"},\"query-input\":{\"@type\":\"PropertyValueSpecification\",\"valueRequired\":true,\"valueName\":\"search_term_string\"}}],\"inLanguage\":\"en-US\"},{\"@type\":\"Organization\",\"@id\":\"https:\/\/digitalfriendly.agency\/#organization\",\"name\":\"Digital Friendly Agency\",\"url\":\"https:\/\/digitalfriendly.agency\/\",\"logo\":{\"@type\":\"ImageObject\",\"inLanguage\":\"en-US\",\"@id\":\"https:\/\/digitalfriendly.agency\/#\/schema\/logo\/image\/\",\"url\":\"https:\/\/digitalfriendly.agency\/wp-content\/uploads\/2024\/03\/Logo-DF-PNG.webp\",\"contentUrl\":\"https:\/\/digitalfriendly.agency\/wp-content\/uploads\/2024\/03\/Logo-DF-PNG.webp\",\"width\":1219,\"height\":1219,\"caption\":\"Digital Friendly Agency\"},\"image\":{\"@id\":\"https:\/\/digitalfriendly.agency\/#\/schema\/logo\/image\/\"},\"sameAs\":[\"https:\/\/www.facebook.com\/DigitalFriendlyTN\",\"https:\/\/www.instagram.com\/digitalfriendlytn\/\",\"https:\/\/www.linkedin.com\/company\/digitalfriendly\/\"]}]}<\/script>\n<!-- \/ Yoast SEO plugin. -->","yoast_head_json":{"title":"Agence de communication webmarketing ax\u00e9e IA | Digital Friendly","description":"D\u00e9couvrez notre agence de communication et webmarketing, bas\u00e9e sur des outils d'IA en offrant des solutions sur mesure","robots":{"index":"index","follow":"follow","max-snippet":"max-snippet:-1","max-image-preview":"max-image-preview:large","max-video-preview":"max-video-preview:-1"},"canonical":"https:\/\/digitalfriendly.agency\/en\/testchatbot\/","og_locale":"en_US","og_type":"article","og_title":"Agence de communication webmarketing ax\u00e9e IA | Digital Friendly","og_description":"D\u00e9couvrez notre agence de communication et webmarketing, bas\u00e9e sur des outils d'IA en offrant des solutions sur mesure","og_url":"https:\/\/digitalfriendly.agency\/en\/testchatbot\/","og_site_name":"https:\/\/digitalfriendly.agency","article_publisher":"https:\/\/www.facebook.com\/DigitalFriendlyTN","article_modified_time":"2026-03-25T12:06:04+00:00","twitter_card":"summary_large_image","twitter_misc":{"Est. reading time":"3 minutes"},"schema":{"@context":"https:\/\/schema.org","@graph":[{"@type":"WebPage","@id":"https:\/\/digitalfriendly.agency\/testchatbot\/","url":"https:\/\/digitalfriendly.agency\/testchatbot\/","name":"Agence de communication webmarketing ax\u00e9e IA | Digital Friendly","isPartOf":{"@id":"https:\/\/digitalfriendly.agency\/#website"},"datePublished":"2024-03-24T17:27:20+00:00","dateModified":"2026-03-25T12:06:04+00:00","description":"D\u00e9couvrez notre agence de communication et webmarketing, bas\u00e9e sur des outils d'IA en offrant des solutions sur mesure","breadcrumb":{"@id":"https:\/\/digitalfriendly.agency\/testchatbot\/#breadcrumb"},"inLanguage":"en-US","potentialAction":[{"@type":"ReadAction","target":["https:\/\/digitalfriendly.agency\/testchatbot\/"]}]},{"@type":"BreadcrumbList","@id":"https:\/\/digitalfriendly.agency\/testchatbot\/#breadcrumb","itemListElement":[{"@type":"ListItem","position":1,"name":"Home","item":"https:\/\/digitalfriendly.agency\/"},{"@type":"ListItem","position":2,"name":"Test Chatbot clinique l&#8217;espoir"}]},{"@type":"WebSite","@id":"https:\/\/digitalfriendly.agency\/#website","url":"https:\/\/digitalfriendly.agency\/","name":"https:\/\/digitalfriendly.agency","description":"","publisher":{"@id":"https:\/\/digitalfriendly.agency\/#organization"},"potentialAction":[{"@type":"SearchAction","target":{"@type":"EntryPoint","urlTemplate":"https:\/\/digitalfriendly.agency\/?s={search_term_string}"},"query-input":{"@type":"PropertyValueSpecification","valueRequired":true,"valueName":"search_term_string"}}],"inLanguage":"en-US"},{"@type":"Organization","@id":"https:\/\/digitalfriendly.agency\/#organization","name":"Digital Friendly Agency","url":"https:\/\/digitalfriendly.agency\/","logo":{"@type":"ImageObject","inLanguage":"en-US","@id":"https:\/\/digitalfriendly.agency\/#\/schema\/logo\/image\/","url":"https:\/\/digitalfriendly.agency\/wp-content\/uploads\/2024\/03\/Logo-DF-PNG.webp","contentUrl":"https:\/\/digitalfriendly.agency\/wp-content\/uploads\/2024\/03\/Logo-DF-PNG.webp","width":1219,"height":1219,"caption":"Digital Friendly Agency"},"image":{"@id":"https:\/\/digitalfriendly.agency\/#\/schema\/logo\/image\/"},"sameAs":["https:\/\/www.facebook.com\/DigitalFriendlyTN","https:\/\/www.instagram.com\/digitalfriendlytn\/","https:\/\/www.linkedin.com\/company\/digitalfriendly\/"]}]}},"_links":{"self":[{"href":"https:\/\/digitalfriendly.agency\/en\/wp-json\/wp\/v2\/pages\/21","targetHints":{"allow":["GET"]}}],"collection":[{"href":"https:\/\/digitalfriendly.agency\/en\/wp-json\/wp\/v2\/pages"}],"about":[{"href":"https:\/\/digitalfriendly.agency\/en\/wp-json\/wp\/v2\/types\/page"}],"author":[{"embeddable":true,"href":"https:\/\/digitalfriendly.agency\/en\/wp-json\/wp\/v2\/users\/2"}],"replies":[{"embeddable":true,"href":"https:\/\/digitalfriendly.agency\/en\/wp-json\/wp\/v2\/comments?post=21"}],"version-history":[{"count":174,"href":"https:\/\/digitalfriendly.agency\/en\/wp-json\/wp\/v2\/pages\/21\/revisions"}],"predecessor-version":[{"id":7338,"href":"https:\/\/digitalfriendly.agency\/en\/wp-json\/wp\/v2\/pages\/21\/revisions\/7338"}],"wp:attachment":[{"href":"https:\/\/digitalfriendly.agency\/en\/wp-json\/wp\/v2\/media?parent=21"}],"curies":[{"name":"wp","href":"https:\/\/api.w.org\/{rel}","templated":true}]}}